{"id":17852,"date":"2020-10-30T11:59:28","date_gmt":"2020-10-30T11:59:28","guid":{"rendered":"https:\/\/evotek.md\/?post_type=product&#038;p=17852"},"modified":"2020-10-30T12:02:43","modified_gmt":"2020-10-30T12:02:43","slug":"tenderizator-pentru-carne-45-lame-145%d1%8545x103-%d0%bc%d0%bc-st-247514","status":"publish","type":"product","link":"https:\/\/evotek.md\/ro\/produse\/accesorii-si-inventar-bucatarie\/ciocan-pentru-carne\/tenderizator-pentru-carne-45-lame-145%d1%8545x103-%d0%bc%d0%bc-st-247514\/","title":{"rendered":"TENDERIZATOR PENTRU CARNE 45 LAME -RO\u0218U 145\u044545&#215;103 \u043c\u043c -ST-247514"},"content":{"rendered":"<p><strong>TENDERIZATOR PENTRU CARNE 45 LAME -RO\u0218U<\/strong>\u00a0<strong>145\u044545&#215;103 \u043c\u043c -ST-247514-<\/strong> Tenderizator pentru carne cu 45 lame, inventar profesional pentru buc\u0103t\u0103rie de calitate european\u0103 pentru hoteluri, restaurante, cafenele \u0219i baruri.<\/p>\n<p>Caracteristici<\/p>\n<p>Parametri: 145x45x103 mm<\/p>\n<p>&nbsp;<\/p>\n","protected":false},"excerpt":{"rendered":"<p>Tenderizator pentru carne 45 de lame (ro\u0219u). Parametri: 145x45x103 mm<\/p>\n","protected":false},"featured_media":17851,"template":"","meta":[],"_links":{"self":[{"href":"https:\/\/evotek.md\/ro\/wp-json\/wp\/v2\/product\/17852"}],"collection":[{"href":"https:\/\/evotek.md\/ro\/wp-json\/wp\/v2\/product"}],"about":[{"href":"https:\/\/evotek.md\/ro\/wp-json\/wp\/v2\/types\/product"}],"wp:featuredmedia":[{"embeddable":true,"href":"https:\/\/evotek.md\/ro\/wp-json\/wp\/v2\/media\/17851"}],"wp:attachment":[{"href":"https:\/\/evotek.md\/ro\/wp-json\/wp\/v2\/media?parent=17852"}],"curies":[{"name":"wp","href":"https:\/\/api.w.org\/{rel}","templated":true}]}}