{"id":17848,"date":"2020-10-30T11:32:40","date_gmt":"2020-10-30T11:32:40","guid":{"rendered":"https:\/\/evotek.md\/?post_type=product&#038;p=17848"},"modified":"2020-10-30T11:32:40","modified_gmt":"2020-10-30T11:32:40","slug":"ciocan-pentru-carne-st-247090","status":"publish","type":"product","link":"https:\/\/evotek.md\/ro\/produse\/accesorii-si-inventar-bucatarie\/ciocan-pentru-carne\/ciocan-pentru-carne-st-247090\/","title":{"rendered":"CIOCAN PENTRU CARNE -ST-247090"},"content":{"rendered":"<p><strong>CIOCAN PENTRU CARNE -ST-247090-<\/strong> Ciocan pentru carne din aluminiu, cu m\u00e2ner din plastic cu trei suprafe\u021be zim\u021bate. Un instrument esen\u021bial care accelereaz\u0103 \u0219i optimizeaz\u0103 procesul \u00eentr-o buc\u0103t\u0103rie profesional\u0103.<\/p>\n<p>Caracteristici<\/p>\n<p>Greutate: 0,9 kg<\/p>\n<p>&nbsp;<\/p>\n","protected":false},"excerpt":{"rendered":"<p>Ciocan pentru carne din aluminiu cu m\u00e2ner din plastic. Greutate: 0,9 kg.<\/p>\n","protected":false},"featured_media":17847,"template":"","meta":[],"_links":{"self":[{"href":"https:\/\/evotek.md\/ro\/wp-json\/wp\/v2\/product\/17848"}],"collection":[{"href":"https:\/\/evotek.md\/ro\/wp-json\/wp\/v2\/product"}],"about":[{"href":"https:\/\/evotek.md\/ro\/wp-json\/wp\/v2\/types\/product"}],"wp:featuredmedia":[{"embeddable":true,"href":"https:\/\/evotek.md\/ro\/wp-json\/wp\/v2\/media\/17847"}],"wp:attachment":[{"href":"https:\/\/evotek.md\/ro\/wp-json\/wp\/v2\/media?parent=17848"}],"curies":[{"name":"wp","href":"https:\/\/api.w.org\/{rel}","templated":true}]}}