{"id":17843,"date":"2020-10-30T11:02:30","date_gmt":"2020-10-30T11:03:12","guid":{"rendered":"https:\/\/evotek.md\/?post_type=product&#038;p=17843"},"modified":"2022-04-15T14:15:22","modified_gmt":"2022-04-15T14:15:22","slug":"ciocan-pentru-carne-230-mm-st-247030","status":"publish","type":"product","link":"https:\/\/evotek.md\/ro\/produse\/accesorii-si-inventar-bucatarie\/ciocan-pentru-carne\/ciocan-pentru-carne-230-mm-st-247030\/","title":{"rendered":"CIOCAN PENTRU CARNE 230 mm -ST-247030"},"content":{"rendered":"<p><strong>CIOCAN PENTRU CARNE 230 mm -ST-247030-<\/strong> Ciocan pentru carne din aluminiu, cu m\u00e2ner din polipropilen\u0103 antiderapant cu dou\u0103 suprafe\u021be zim\u021bate. Un instrument esen\u021bial care accelereaz\u0103 \u0219i optimizeaz\u0103 procesul \u00eentr-o buc\u0103t\u0103rie profesional\u0103.<\/p>\n<p>Caracteristici<\/p>\n<p>Dimensiunea piesei de lucru: 40&#215;40 mm<\/p>\n<p>Lungimea p\u00e2n\u0103 la m\u00e2ner: 120 mm<\/p>\n<p>Lungime: 230 mm<\/p>\n<p>Greutate: 0,20 kg<\/p>\n<p>&nbsp;<\/p>\n","protected":false},"excerpt":{"rendered":"<p>Ciocan din aluminiu pentru carne, cu lungimea de 230 mm. Dimensiunea piesei de lucru: 40&#215;40 mm; Lungimea p\u00e2n\u0103 la m\u00e2ner: 120 mm; Greutate: 0,20 kg.<\/p>\n","protected":false},"featured_media":17842,"template":"","meta":[],"_links":{"self":[{"href":"https:\/\/evotek.md\/ro\/wp-json\/wp\/v2\/product\/17843"}],"collection":[{"href":"https:\/\/evotek.md\/ro\/wp-json\/wp\/v2\/product"}],"about":[{"href":"https:\/\/evotek.md\/ro\/wp-json\/wp\/v2\/types\/product"}],"wp:featuredmedia":[{"embeddable":true,"href":"https:\/\/evotek.md\/ro\/wp-json\/wp\/v2\/media\/17842"}],"wp:attachment":[{"href":"https:\/\/evotek.md\/ro\/wp-json\/wp\/v2\/media?parent=17843"}],"curies":[{"name":"wp","href":"https:\/\/api.w.org\/{rel}","templated":true}]}}