{"id":17827,"date":"2020-10-29T14:11:56","date_gmt":"2020-10-29T14:11:56","guid":{"rendered":"https:\/\/evotek.md\/?post_type=product&#038;p=17827"},"modified":"2020-10-29T14:11:56","modified_gmt":"2020-10-29T14:11:56","slug":"tocator-profesional-din-lemn-pentru-paine-400x250x30-mm-st-343400","status":"publish","type":"product","link":"https:\/\/evotek.md\/ro\/produse\/accesorii-si-inventar-bucatarie\/tocatoare-pentru-bucatarie\/tocator-profesional-din-lemn-pentru-paine-400x250x30-mm-st-343400\/","title":{"rendered":"TOC\u0102TOR PROFESIONAL DIN LEMN PENTRU P\u00c2INE 400x250x30 mm -ST-343400"},"content":{"rendered":"<p><strong>TOC\u0102TOR PROFESIONAL DIN LEMN PENTRU P\u00c2INE 400x250x30 mm -ST-343400- <\/strong>Toc\u0103tor pentru p\u00e2ine din lemn de fag, pentru buc\u0103t\u0103riile profesionale.<\/p>\n<p>Caracteristici<\/p>\n<p>Parametri: 400x250x30 mm<\/p>\n<p>&nbsp;<\/p>\n","protected":false},"excerpt":{"rendered":"<p>Toc\u0103tor pentru p\u00e2ine din lemn de fag, 400x250x30 mm.<\/p>\n","protected":false},"featured_media":17826,"template":"","meta":[],"_links":{"self":[{"href":"https:\/\/evotek.md\/ro\/wp-json\/wp\/v2\/product\/17827"}],"collection":[{"href":"https:\/\/evotek.md\/ro\/wp-json\/wp\/v2\/product"}],"about":[{"href":"https:\/\/evotek.md\/ro\/wp-json\/wp\/v2\/types\/product"}],"wp:featuredmedia":[{"embeddable":true,"href":"https:\/\/evotek.md\/ro\/wp-json\/wp\/v2\/media\/17826"}],"wp:attachment":[{"href":"https:\/\/evotek.md\/ro\/wp-json\/wp\/v2\/media?parent=17827"}],"curies":[{"name":"wp","href":"https:\/\/api.w.org\/{rel}","templated":true}]}}