{"id":17819,"date":"2020-10-29T14:01:30","date_gmt":"2020-10-29T14:01:30","guid":{"rendered":"https:\/\/evotek.md\/?post_type=product&#038;p=17819"},"modified":"2020-10-29T14:01:30","modified_gmt":"2020-10-29T14:01:30","slug":"tocator-profesional-din-lemn-500x350x40-mm-st-344500","status":"publish","type":"product","link":"https:\/\/evotek.md\/ro\/produse\/accesorii-si-inventar-bucatarie\/tocatoare-pentru-bucatarie\/tocator-profesional-din-lemn-500x350x40-mm-st-344500\/","title":{"rendered":"TOC\u0102TOR PROFESIONAL DIN LEMN 500x350x40 mm -ST-344500"},"content":{"rendered":"<p><strong>TOC\u0102TOR PROFESIONAL DIN LEMN 500x350x40 mm -ST-344500- <\/strong>Toc\u0103tor neted din lemn de fag pentru buc\u0103t\u0103riile profesionale.<\/p>\n<p>Caracteristici<\/p>\n<p>Parametri: 500x350x40 mm<\/p>\n<p>&nbsp;<\/p>\n<p>&nbsp;<\/p>\n","protected":false},"excerpt":{"rendered":"<p>Toc\u0103tor neted din lemn de fag, 500x350x40 mm.<\/p>\n","protected":false},"featured_media":17816,"template":"","meta":[],"_links":{"self":[{"href":"https:\/\/evotek.md\/ro\/wp-json\/wp\/v2\/product\/17819"}],"collection":[{"href":"https:\/\/evotek.md\/ro\/wp-json\/wp\/v2\/product"}],"about":[{"href":"https:\/\/evotek.md\/ro\/wp-json\/wp\/v2\/types\/product"}],"wp:featuredmedia":[{"embeddable":true,"href":"https:\/\/evotek.md\/ro\/wp-json\/wp\/v2\/media\/17816"}],"wp:attachment":[{"href":"https:\/\/evotek.md\/ro\/wp-json\/wp\/v2\/media?parent=17819"}],"curies":[{"name":"wp","href":"https:\/\/api.w.org\/{rel}","templated":true}]}}