{"id":17817,"date":"2020-10-29T13:58:08","date_gmt":"2020-10-29T13:58:08","guid":{"rendered":"https:\/\/evotek.md\/?post_type=product&#038;p=17817"},"modified":"2020-10-29T13:58:08","modified_gmt":"2020-10-29T13:58:08","slug":"tocator-profesional-din-lemn-400x300x40-mm-st-344400","status":"publish","type":"product","link":"https:\/\/evotek.md\/ro\/produse\/accesorii-si-inventar-bucatarie\/tocatoare-pentru-bucatarie\/tocator-profesional-din-lemn-400x300x40-mm-st-344400\/","title":{"rendered":"TOC\u0102TOR PROFESIONAL DIN LEMN 400x300x40 mm -ST-344400"},"content":{"rendered":"<p><strong>TOC\u0102TOR PROFESIONAL DIN LEMN 400x300x40 mm -ST-344400- <\/strong>Toc\u0103tor neted din lemn de fag pentru buc\u0103t\u0103riile profesionale.<\/p>\n<p>Caracteristici<\/p>\n<p>Parametri: 400x300x40 mm<\/p>\n<p>Toc\u0103tor neted din lemn de fag, 400x300x40 mm.<\/p>\n<p>&nbsp;<\/p>\n","protected":false},"excerpt":{"rendered":"<p>Toc\u0103tor neted din lemn de fag, 400x300x40 mm.<\/p>\n","protected":false},"featured_media":17816,"template":"","meta":[],"_links":{"self":[{"href":"https:\/\/evotek.md\/ro\/wp-json\/wp\/v2\/product\/17817"}],"collection":[{"href":"https:\/\/evotek.md\/ro\/wp-json\/wp\/v2\/product"}],"about":[{"href":"https:\/\/evotek.md\/ro\/wp-json\/wp\/v2\/types\/product"}],"wp:featuredmedia":[{"embeddable":true,"href":"https:\/\/evotek.md\/ro\/wp-json\/wp\/v2\/media\/17816"}],"wp:attachment":[{"href":"https:\/\/evotek.md\/ro\/wp-json\/wp\/v2\/media?parent=17817"}],"curies":[{"name":"wp","href":"https:\/\/api.w.org\/{rel}","templated":true}]}}