{"id":17811,"date":"2020-10-29T13:42:53","date_gmt":"2020-10-29T13:43:26","guid":{"rendered":"https:\/\/evotek.md\/?post_type=product&#038;p=17811"},"modified":"2022-11-17T15:30:05","modified_gmt":"2022-11-17T15:30:05","slug":"tocator-profesional-din-lemn-400x300x20-mm-st-342400","status":"publish","type":"product","link":"https:\/\/evotek.md\/ro\/produse\/accesorii-si-inventar-bucatarie\/tocatoare-pentru-bucatarie\/tocator-profesional-din-lemn-400x300x20-mm-st-342400\/","title":{"rendered":"TOC\u0102TOR PROFESIONAL DIN LEMN 400x300x20 mm -ST-342400"},"content":{"rendered":"<p><strong>TOC\u0102TOR PROFESIONAL DIN LEMN 400x300x20 mm -ST-342400- <\/strong>Toc\u0103tor neted din lemn de fag pentru buc\u0103t\u0103riile profesionale.<\/p>\n<p>Caracteristici<\/p>\n<p>Parametri: 400x300x20 mm<\/p>\n<p>Inaltime: 20 mm<\/p>\n","protected":false},"excerpt":{"rendered":"<p>Toc\u0103tor neted din lemn de fag, 400x300x20 mm. Inaltime: 20 mm<\/p>\n","protected":false},"featured_media":17803,"template":"","meta":[],"_links":{"self":[{"href":"https:\/\/evotek.md\/ro\/wp-json\/wp\/v2\/product\/17811"}],"collection":[{"href":"https:\/\/evotek.md\/ro\/wp-json\/wp\/v2\/product"}],"about":[{"href":"https:\/\/evotek.md\/ro\/wp-json\/wp\/v2\/types\/product"}],"wp:featuredmedia":[{"embeddable":true,"href":"https:\/\/evotek.md\/ro\/wp-json\/wp\/v2\/media\/17803"}],"wp:attachment":[{"href":"https:\/\/evotek.md\/ro\/wp-json\/wp\/v2\/media?parent=17811"}],"curies":[{"name":"wp","href":"https:\/\/api.w.org\/{rel}","templated":true}]}}