{"id":17691,"date":"2020-10-28T11:32:30","date_gmt":"2020-10-28T11:32:30","guid":{"rendered":"https:\/\/evotek.md\/?post_type=product&#038;p=17691"},"modified":"2020-10-28T11:32:30","modified_gmt":"2020-10-28T11:32:30","slug":"palnie-%e2%8c%80150-%d0%bc%d0%bc-st-301151","status":"publish","type":"product","link":"https:\/\/evotek.md\/ro\/produse\/accesorii-si-inventar-bucatarie\/accesorii-pentru-bar\/palnie-%e2%8c%80150-%d0%bc%d0%bc-st-301151\/","title":{"rendered":"P\u00c2LNIE \u2300150 \u043c\u043c -ST-301151"},"content":{"rendered":"<p><strong>P\u00c2LNIE<\/strong> <strong>\u2300<\/strong><strong>150 \u043c\u043c -ST-301151- <\/strong>P\u00e2lnia este un accesoriu necesar \u00een orice buc\u0103t\u0103rie, nu doar profesional\u0103, ci \u0219i casnic\u0103. Cu o p\u00e2lnie, pute\u021bi turna cu u\u0219urin\u021b\u0103 orice ingrediente lichide \u00een buc\u0103t\u0103ria dvs.<\/p>\n<p>Fabricat din inox, care garanteaz\u0103 o rezisten\u021b\u0103 ridicat\u0103 la deteriorarea mecanic\u0103, cum ar fi lovituri \u0219i zg\u00e2rieturi, \u0219i este u\u0219or de cur\u0103\u021bat \u0219i sigur \u00een contact cu alimentele.<\/p>\n<p>Caracteristici<\/p>\n<p>Diametru: 150 mm<\/p>\n<p>Diametrul \u00een partea de jos: 17 mm<\/p>\n<p>Include strecur\u0103toare<\/p>\n<p>&nbsp;<\/p>\n<p>&nbsp;<\/p>\n","protected":false},"excerpt":{"rendered":"<p>P\u00e2lnie cu diametrul de \u2300150 mm. Diametrul \u00een partea de jos: 17 mm; Include strecur\u0103toare.<\/p>\n","protected":false},"featured_media":17688,"template":"","meta":[],"_links":{"self":[{"href":"https:\/\/evotek.md\/ro\/wp-json\/wp\/v2\/product\/17691"}],"collection":[{"href":"https:\/\/evotek.md\/ro\/wp-json\/wp\/v2\/product"}],"about":[{"href":"https:\/\/evotek.md\/ro\/wp-json\/wp\/v2\/types\/product"}],"wp:featuredmedia":[{"embeddable":true,"href":"https:\/\/evotek.md\/ro\/wp-json\/wp\/v2\/media\/17688"}],"wp:attachment":[{"href":"https:\/\/evotek.md\/ro\/wp-json\/wp\/v2\/media?parent=17691"}],"curies":[{"name":"wp","href":"https:\/\/api.w.org\/{rel}","templated":true}]}}