{"id":17684,"date":"2020-10-28T11:00:27","date_gmt":"2020-10-28T11:00:27","guid":{"rendered":"https:\/\/evotek.md\/?post_type=product&#038;p=17684"},"modified":"2020-10-28T11:00:27","modified_gmt":"2020-10-28T11:00:27","slug":"razatoare-hexagonala-190-mm-st-302190","status":"publish","type":"product","link":"https:\/\/evotek.md\/ro\/produse\/accesorii-si-inventar-bucatarie\/accesorii-pentru-bar\/razatoare-hexagonala-190-mm-st-302190\/","title":{"rendered":"R\u0102Z\u0102TOARE HEXAGONAL\u0102 190 mm -ST-302190"},"content":{"rendered":"<p><strong>R\u0102Z\u0102TOARE HEXAGONAL\u0102 190 mm -ST-302190-<\/strong> R\u0103z\u0103toarea hexagonal\u0103 este unul dintre accesoriile de baz\u0103 din fiecare buc\u0103t\u0103rie. V\u0103 permite s\u0103 m\u0103run\u021bi\u021bi \u00een mod convenabil \u0219i \u00een siguran\u021b\u0103 diferite tipuri de produse \u00een mai multe moduri. O\u021belul inoxidabil din care este f\u0103cut\u0103 r\u0103z\u0103toarea garanteaz\u0103 rezisten\u021ba la deterior\u0103ri mecanice, siguran\u021ba la contactul cu alimentele \u0219i u\u0219urin\u021ba cur\u0103\u021b\u0103rii, care \u00eendepline\u0219te cerin\u021bele sta\u021biei sanitar-epidemiologice. M\u00e2nerul ergonomic \u0219i pozi\u021bionarea stabil\u0103 a r\u0103z\u0103toarei asigur\u0103 o munc\u0103 confortabil\u0103 \u0219i sigur\u0103.<\/p>\n<p>Caracteristici<\/p>\n<p>R\u0103z\u0103toare hexagonal\u0103 cu lungimea de 190 mm.<\/p>\n","protected":false},"excerpt":{"rendered":"<p>R\u0103z\u0103toare hexagonal\u0103 cu lungimea de 190 mm.<\/p>\n","protected":false},"featured_media":17683,"template":"","meta":[],"_links":{"self":[{"href":"https:\/\/evotek.md\/ro\/wp-json\/wp\/v2\/product\/17684"}],"collection":[{"href":"https:\/\/evotek.md\/ro\/wp-json\/wp\/v2\/product"}],"about":[{"href":"https:\/\/evotek.md\/ro\/wp-json\/wp\/v2\/types\/product"}],"wp:featuredmedia":[{"embeddable":true,"href":"https:\/\/evotek.md\/ro\/wp-json\/wp\/v2\/media\/17683"}],"wp:attachment":[{"href":"https:\/\/evotek.md\/ro\/wp-json\/wp\/v2\/media?parent=17684"}],"curies":[{"name":"wp","href":"https:\/\/api.w.org\/{rel}","templated":true}]}}