{"id":17678,"date":"2020-10-28T10:29:52","date_gmt":"2020-10-28T10:29:52","guid":{"rendered":"https:\/\/evotek.md\/?post_type=product&#038;p=17678"},"modified":"2020-10-28T10:29:52","modified_gmt":"2020-10-28T10:29:52","slug":"set-din-4-cani-de-masurare-st-506015","status":"publish","type":"product","link":"https:\/\/evotek.md\/ro\/produse\/accesorii-si-inventar-bucatarie\/accesorii-pentru-bar\/set-din-4-cani-de-masurare-st-506015\/","title":{"rendered":"SET DIN 4 C\u0102NI DE M\u0102SURARE -ST-506015"},"content":{"rendered":"<p><strong>SET DIN 4 C\u0102NI DE M\u0102SURARE -ST-506015-<\/strong> C\u0103nile de m\u0103surat pentru buc\u0103t\u0103rie \u00een 4 dimensiuni sunt indispensabile \u00een orice buc\u0103t\u0103rie at\u00e2t profesional\u0103, c\u00e2t \u0219i casnic\u0103. Ofer\u0103 m\u0103surare precis\u0103 a diferitelor tipuri de produse. Fabricat din inox ce \u00eenseamn\u0103 garan\u021bia rezisten\u021bei la deteriorarea mecanic\u0103, a siguran\u021bei la contactul cu alimentele \u0219i a u\u0219urin\u021bei de cur\u0103\u021bare.<\/p>\n<p>Caracteristici<\/p>\n<p>Setul include 4 c\u0103ni de m\u0103surare de diferite capacit\u0103\u021bi:<\/p>\n<p>60 ml- 1\/4 c\u0103ni<\/p>\n<p>80 ml- 1\/3 c\u0103ni<\/p>\n<p>125 ml- 1\/2 c\u0103ni<\/p>\n<p>250 ml- 1 can\u0103<\/p>\n<p>Pentru u\u0219urin\u021b\u0103 \u00een utilizare, capacitatea fiec\u0103rei c\u0103ni este indicat\u0103 pe m\u00e2ner.<\/p>\n<p>&nbsp;<\/p>\n","protected":false},"excerpt":{"rendered":"<p>Set de 4 c\u0103ni de m\u0103surare. Include 4 c\u0103ni de m\u0103surare de diferite capacit\u0103\u021bi:<br \/>\n60 ml- 1\/4 c\u0103ni<br \/>\n80 ml- 1\/3 c\u0103ni<br \/>\n125 ml- 1\/2 c\u0103ni<br \/>\n250 ml- 1 can\u0103<br \/>\nPentru u\u0219urin\u021b\u0103 \u00een utilizare, capacitatea fiec\u0103rei c\u0103ni este indicat\u0103 pe m\u00e2ner.<\/p>\n","protected":false},"featured_media":17675,"template":"","meta":[],"_links":{"self":[{"href":"https:\/\/evotek.md\/ro\/wp-json\/wp\/v2\/product\/17678"}],"collection":[{"href":"https:\/\/evotek.md\/ro\/wp-json\/wp\/v2\/product"}],"about":[{"href":"https:\/\/evotek.md\/ro\/wp-json\/wp\/v2\/types\/product"}],"wp:featuredmedia":[{"embeddable":true,"href":"https:\/\/evotek.md\/ro\/wp-json\/wp\/v2\/media\/17675"}],"wp:attachment":[{"href":"https:\/\/evotek.md\/ro\/wp-json\/wp\/v2\/media?parent=17678"}],"curies":[{"name":"wp","href":"https:\/\/api.w.org\/{rel}","templated":true}]}}