{"id":17666,"date":"2020-10-28T09:44:25","date_gmt":"2020-10-28T09:44:25","guid":{"rendered":"https:\/\/evotek.md\/?post_type=product&#038;p=17666"},"modified":"2020-10-28T09:44:25","modified_gmt":"2020-10-28T09:44:25","slug":"razatoare-pentru-condimente-255-mm-st-302161","status":"publish","type":"product","link":"https:\/\/evotek.md\/ro\/produse\/accesorii-si-inventar-bucatarie\/accesorii-pentru-bar\/razatoare-pentru-condimente-255-mm-st-302161\/","title":{"rendered":"R\u0102Z\u0102TOARE PENTRU CONDIMENTE 255 mm -ST-302161"},"content":{"rendered":"<p><strong>R\u0102Z\u0102TOARE PENTRU CONDIMENTE 255 mm -ST-302161-<\/strong> R\u0103z\u0103toarea pentru condimente v\u0103 permite s\u0103 m\u0103run\u021bi\u021bi \u00een mod convenabil \u0219i sigur diverse tipuri de alimente, precum, nuc\u0219oar\u0103 sau scor\u021bi\u0219oar\u0103. O\u021belul inoxidabil din care este f\u0103cut\u0103 r\u0103z\u0103toarea garanteaz\u0103 rezisten\u021ba la deterior\u0103ri mecanice, siguran\u021ba la contactul cu alimentele \u0219i u\u0219urin\u021ba cur\u0103\u021b\u0103rii, care \u00eendepline\u0219te cerin\u021bele sta\u021biei sanitar-epidemiologice.<\/p>\n<p>Caracteristici<\/p>\n<p>Material: inox<\/p>\n<p>Lungime: 255 mm<\/p>\n<p>Lungime m\u00e2ner: 105 mm<\/p>\n<p>Lungimea piesei utilizabile: 150 mm<\/p>\n<p>Se poate sp\u0103la \u00een ma\u0219ina de sp\u0103lat vase<\/p>\n<p>&nbsp;<\/p>\n<p>&nbsp;<\/p>\n","protected":false},"excerpt":{"rendered":"<p>R\u0103z\u0103toare pentru condimente din inox cu lungimea de 255 mm. Lungime m\u00e2ner: 105 mm; Lungimea piesei utilizabile: 150 mm; Se poate sp\u0103la \u00een ma\u0219ina de sp\u0103lat vase.<\/p>\n","protected":false},"featured_media":17665,"template":"","meta":[],"_links":{"self":[{"href":"https:\/\/evotek.md\/ro\/wp-json\/wp\/v2\/product\/17666"}],"collection":[{"href":"https:\/\/evotek.md\/ro\/wp-json\/wp\/v2\/product"}],"about":[{"href":"https:\/\/evotek.md\/ro\/wp-json\/wp\/v2\/types\/product"}],"wp:featuredmedia":[{"embeddable":true,"href":"https:\/\/evotek.md\/ro\/wp-json\/wp\/v2\/media\/17665"}],"wp:attachment":[{"href":"https:\/\/evotek.md\/ro\/wp-json\/wp\/v2\/media?parent=17666"}],"curies":[{"name":"wp","href":"https:\/\/api.w.org\/{rel}","templated":true}]}}