{"id":17657,"date":"2020-10-28T09:03:39","date_gmt":"2020-10-28T09:04:29","guid":{"rendered":"https:\/\/evotek.md\/?post_type=product&#038;p=17657"},"modified":"2023-10-11T13:58:04","modified_gmt":"2023-10-11T13:58:04","slug":"lopatica-din-inox-0650-l-st-304101","status":"publish","type":"product","link":"https:\/\/evotek.md\/ro\/produse\/accesorii-si-inventar-bucatarie\/accesorii-pentru-bar\/lopatica-din-inox-0650-l-st-304101\/","title":{"rendered":"LOPATICA DIN INOX, 650 ml -ST-304101"},"content":{"rendered":"<p><strong>LOPATICA DIN INOX, 650 ml -ST-304101-<\/strong> Lop\u0103\u021bica din inox v\u0103 permite s\u0103 scoate\u021bi convenabil o varietate de produse, \u00een mare parte cu m\u0103run\u021bite, cum ar fi ghea\u021b\u0103, cafea, ceai sau condimente. Inoxul din care este fabricat\u0103 lop\u0103\u021bica garanteaz\u0103 rezisten\u021b\u0103 la deterior\u0103ri mecanice, siguran\u021ba la contactul cu alimentele \u0219i u\u0219urin\u021ba cur\u0103\u021b\u0103rii, care \u00eendepline\u0219te cerin\u021bele sta\u021biei sanitar-epidemiologice. Lop\u0103\u021bica poate fi utilizat\u0103 \u00een special \u00een cafenele, restaurante \u0219i magazine.<\/p>\n<p>Caracteristici<\/p>\n<p>L\u0103\u021bime: 140 mm<\/p>\n<p>Lungime: 240 mm<\/p>\n<p>Volum: 650 ml<\/p>\n<p>&nbsp;<\/p>\n","protected":false},"excerpt":{"rendered":"<p>Lop\u0103\u021bic\u0103 din inox cu o capacitate de 650 ml. Latime: 140 mm; Lungime: 240 mm.<\/p>\n","protected":false},"featured_media":17648,"template":"","meta":[],"_links":{"self":[{"href":"https:\/\/evotek.md\/ro\/wp-json\/wp\/v2\/product\/17657"}],"collection":[{"href":"https:\/\/evotek.md\/ro\/wp-json\/wp\/v2\/product"}],"about":[{"href":"https:\/\/evotek.md\/ro\/wp-json\/wp\/v2\/types\/product"}],"wp:featuredmedia":[{"embeddable":true,"href":"https:\/\/evotek.md\/ro\/wp-json\/wp\/v2\/media\/17648"}],"wp:attachment":[{"href":"https:\/\/evotek.md\/ro\/wp-json\/wp\/v2\/media?parent=17657"}],"curies":[{"name":"wp","href":"https:\/\/api.w.org\/{rel}","templated":true}]}}