{"id":17649,"date":"2020-10-27T15:20:47","date_gmt":"2020-10-27T15:20:47","guid":{"rendered":"https:\/\/evotek.md\/?post_type=product&#038;p=17649"},"modified":"2020-10-27T15:20:47","modified_gmt":"2020-10-27T15:20:47","slug":"lopatica-din-inox-0125-l-st-304017","status":"publish","type":"product","link":"https:\/\/evotek.md\/ro\/produse\/accesorii-si-inventar-bucatarie\/accesorii-pentru-bar\/lopatica-din-inox-0125-l-st-304017\/","title":{"rendered":"LOP\u0102\u021aIC\u0102 DIN INOX 0,125 l -ST-304017"},"content":{"rendered":"<p><strong>LOP\u0102\u021aIC\u0102 DIN INOX 0,125 l -ST-304017-<\/strong> Lop\u0103\u021bica din inox v\u0103 permite s\u0103 scoate\u021bi convenabil o varietate de produse, \u00een mare parte cu m\u0103run\u021bite, cum ar fi ghea\u021b\u0103, cafea, ceai sau condimente. Inoxul din care este fabricat\u0103 lop\u0103\u021bica garanteaz\u0103 rezisten\u021b\u0103 la deterior\u0103ri mecanice, siguran\u021ba la contactul cu alimentele \u0219i u\u0219urin\u021ba cur\u0103\u021b\u0103rii, care \u00eendepline\u0219te cerin\u021bele sta\u021biei sanitar-epidemiologice. Lop\u0103\u021bica poate fi utilizat\u0103 \u00een special \u00een cafenele, restaurante \u0219i magazine.<\/p>\n<p>Caracteristici<\/p>\n<p>L\u0103\u021bime: 60 mm<\/p>\n<p>Lungime: 220 mm<\/p>\n<p>Volum: 0,125 L<\/p>\n<p>&nbsp;<\/p>\n","protected":false},"excerpt":{"rendered":"<p>Lop\u0103\u021bic\u0103 din inox cu o capacitate de 0,125 litri. Latime: 60mm; Lungime: 220 mm.<\/p>\n","protected":false},"featured_media":17648,"template":"","meta":[],"_links":{"self":[{"href":"https:\/\/evotek.md\/ro\/wp-json\/wp\/v2\/product\/17649"}],"collection":[{"href":"https:\/\/evotek.md\/ro\/wp-json\/wp\/v2\/product"}],"about":[{"href":"https:\/\/evotek.md\/ro\/wp-json\/wp\/v2\/types\/product"}],"wp:featuredmedia":[{"embeddable":true,"href":"https:\/\/evotek.md\/ro\/wp-json\/wp\/v2\/media\/17648"}],"wp:attachment":[{"href":"https:\/\/evotek.md\/ro\/wp-json\/wp\/v2\/media?parent=17649"}],"curies":[{"name":"wp","href":"https:\/\/api.w.org\/{rel}","templated":true}]}}