{"id":17637,"date":"2020-10-27T14:41:57","date_gmt":"2020-10-27T14:41:57","guid":{"rendered":"https:\/\/evotek.md\/?post_type=product&#038;p=17637"},"modified":"2020-10-27T14:41:58","modified_gmt":"2020-10-27T14:41:58","slug":"raft-suspendat-cu-5-containere-gn-1-9-pentru-condimente-st-815500","status":"publish","type":"product","link":"https:\/\/evotek.md\/ro\/produse\/accesorii-si-inventar-bucatarie\/display-pentru-tave-gn\/raft-suspendat-cu-5-containere-gn-1-9-pentru-condimente-st-815500\/","title":{"rendered":"RAFT SUSPENDAT CU 5 CONTAINERE GN 1\/9 PENTRU CONDIMENTE -ST-815500"},"content":{"rendered":"<p><strong>RAFT SUSPENDAT CU 5 CONTAINERE GN 1\/9 PENTRU CONDIMENTE -ST-815500-<\/strong> Raftul suspendat cu containere GN permite convenabil depozitarea tuturor tipurilor de condimente. Este perfect pentru orice buc\u0103t\u0103rie. Raftul con\u021bine 5 recipiente GN 1\/9 cu o \u00een\u0103l\u021bime de 65 mm. Fiecare este echipat cu un m\u00e2ner din inox pentru extrac\u021bie u\u0219oar\u0103 \u0219i acces rapid la condimente. Fabricat din inox, care garanteaz\u0103 rezisten\u021ba la deterior\u0103ri mecanice, siguran\u021ba la contactul cu alimentele \u0219i u\u0219urin\u021ba cur\u0103\u021b\u0103rii. \u00cen plus, acesta arat\u0103 pl\u0103cut din punct de vedere estetic \u0219i se va \u00eencadra \u00een decorul oric\u0103rui interior.<\/p>\n<p>Caracteristici<\/p>\n<p>Parametri: 629x200x250 mm<\/p>\n<p>&nbsp;<\/p>\n","protected":false},"excerpt":{"rendered":"<p>Raft suspendat cu 5 containete pentru condimente GN 1\/9. Parametri: 629x200x250 mm.<\/p>\n","protected":false},"featured_media":17636,"template":"","meta":[],"_links":{"self":[{"href":"https:\/\/evotek.md\/ro\/wp-json\/wp\/v2\/product\/17637"}],"collection":[{"href":"https:\/\/evotek.md\/ro\/wp-json\/wp\/v2\/product"}],"about":[{"href":"https:\/\/evotek.md\/ro\/wp-json\/wp\/v2\/types\/product"}],"wp:featuredmedia":[{"embeddable":true,"href":"https:\/\/evotek.md\/ro\/wp-json\/wp\/v2\/media\/17636"}],"wp:attachment":[{"href":"https:\/\/evotek.md\/ro\/wp-json\/wp\/v2\/media?parent=17637"}],"curies":[{"name":"wp","href":"https:\/\/api.w.org\/{rel}","templated":true}]}}