{"id":17628,"date":"2020-10-27T14:17:27","date_gmt":"2020-10-27T14:17:27","guid":{"rendered":"https:\/\/evotek.md\/?post_type=product&#038;p=17628"},"modified":"2020-10-27T14:17:27","modified_gmt":"2020-10-27T14:17:27","slug":"display-pentru-tave-gn-1-6-si-1-9-st-815250","status":"publish","type":"product","link":"https:\/\/evotek.md\/ro\/produse\/accesorii-si-inventar-bucatarie\/display-pentru-tave-gn\/display-pentru-tave-gn-1-6-si-1-9-st-815250\/","title":{"rendered":"DISPLAY PENTRU TAVE GN 1\/6 \u0219i 1\/9 -ST-815250"},"content":{"rendered":"<p><strong>DISPLAY PENTRU TAVE GN <\/strong><strong>1\/6 \u0219i 1\/9 -ST-815250<\/strong><strong>&#8211;<\/strong> Display pentru tave v\u0103 permite s\u0103 afi\u0219a\u021bi aperitive \u0219i garnituri \u00eentr-un mod atractiv \u0219i estetic. Ideal pentru restaurante, hoteluri \u0219i bufete. Acest display are 5 containere GN 1\/6 \u0219i 1\/9 cu o \u00een\u0103l\u021bime maxim\u0103 de 150 mm. Fabricat din inox, care garanteaz\u0103 rezisten\u021ba la deterior\u0103ri mecanice, siguran\u021ba la contactul cu alimentele \u0219i u\u0219urin\u021ba cur\u0103\u021b\u0103rii. \u00cen plus, o\u021belul inoxidabil arat\u0103 pl\u0103cut din punct de vedere estetic \u0219i se va \u00eencadra \u00een decorul oric\u0103rui interior.<\/p>\n<p>Caracteristici<\/p>\n<p>Parametri: 730x230x230 mm<\/p>\n<p>&nbsp;<\/p>\n","protected":false},"excerpt":{"rendered":"<p>Display pentru 5 containere Gn 1\/6 \u0219i 1\/9. Parametri: 730x230x230 mm.<\/p>\n","protected":false},"featured_media":17627,"template":"","meta":[],"_links":{"self":[{"href":"https:\/\/evotek.md\/ro\/wp-json\/wp\/v2\/product\/17628"}],"collection":[{"href":"https:\/\/evotek.md\/ro\/wp-json\/wp\/v2\/product"}],"about":[{"href":"https:\/\/evotek.md\/ro\/wp-json\/wp\/v2\/types\/product"}],"wp:featuredmedia":[{"embeddable":true,"href":"https:\/\/evotek.md\/ro\/wp-json\/wp\/v2\/media\/17627"}],"wp:attachment":[{"href":"https:\/\/evotek.md\/ro\/wp-json\/wp\/v2\/media?parent=17628"}],"curies":[{"name":"wp","href":"https:\/\/api.w.org\/{rel}","templated":true}]}}