{"id":17566,"date":"2020-10-27T11:25:36","date_gmt":"2020-10-27T11:25:36","guid":{"rendered":"https:\/\/evotek.md\/?post_type=product&#038;p=17566"},"modified":"2020-10-27T11:25:36","modified_gmt":"2020-10-27T11:25:36","slug":"galeata-pentru-uscarea-verdeturilor-19-l-st-072190","status":"publish","type":"product","link":"https:\/\/evotek.md\/ro\/produse\/accesorii-si-inventar-bucatarie\/galeata-pentru-uscarea-verdeturilor\/galeata-pentru-uscarea-verdeturilor-19-l-st-072190\/","title":{"rendered":"G\u0102LEAT\u0102 PENTRU USCAREA VERDE\u021aURILOR 19 L -ST-072190"},"content":{"rendered":"<p><strong>G\u0102LEAT\u0102 PENTRU USCAREA VERDE\u021aURILOR 19 L -ST-072190- <\/strong>inventar profesional de buc\u0103t\u0103rie de calitate european\u0103 pentru hoteluri, restaurante, cafenele \u0219i baruri.<\/p>\n<p>Caracteristici<\/p>\n<p>\u00cen\u0103l\u021bime: 580 mm<\/p>\n<p>Diametru: 420mm<\/p>\n<p>Capacitate: 19L<\/p>\n<p>Se poate sp\u0103la \u00een ma\u0219ina de sp\u0103lat vase<\/p>\n<p>&nbsp;<\/p>\n","protected":false},"excerpt":{"rendered":"<p>G\u0103leat\u0103 pentru uscarea verde\u021burilor cu o capacitate de 19 litri. \u00cen\u0103l\u021bime: 580 mm; Diametru: 420 mm. Se poate sp\u0103la \u00een ma\u0219ina de sp\u0103lat vase.<\/p>\n","protected":false},"featured_media":17561,"template":"","meta":[],"_links":{"self":[{"href":"https:\/\/evotek.md\/ro\/wp-json\/wp\/v2\/product\/17566"}],"collection":[{"href":"https:\/\/evotek.md\/ro\/wp-json\/wp\/v2\/product"}],"about":[{"href":"https:\/\/evotek.md\/ro\/wp-json\/wp\/v2\/types\/product"}],"wp:featuredmedia":[{"embeddable":true,"href":"https:\/\/evotek.md\/ro\/wp-json\/wp\/v2\/media\/17561"}],"wp:attachment":[{"href":"https:\/\/evotek.md\/ro\/wp-json\/wp\/v2\/media?parent=17566"}],"curies":[{"name":"wp","href":"https:\/\/api.w.org\/{rel}","templated":true}]}}