{"id":17492,"date":"2020-10-26T13:32:17","date_gmt":"2020-10-26T13:32:17","guid":{"rendered":"https:\/\/evotek.md\/?post_type=product&#038;p=17492"},"modified":"2020-10-26T13:32:17","modified_gmt":"2020-10-26T13:32:17","slug":"capac-280-%d0%bc%d0%bc-st-021928","status":"publish","type":"product","link":"https:\/\/evotek.md\/ro\/produse\/accesorii-si-inventar-bucatarie\/cratite-si-tigai\/capac-280-%d0%bc%d0%bc-st-021928\/","title":{"rendered":"CAPAC 280 \u043c\u043c -ST-021928"},"content":{"rendered":"<p><strong>CAPAC 280 \u043c\u043c -ST-021928<\/strong>&#8211; Capac pentru vase cu trei straturi, fabricat din inox de \u00eenalt\u0103 calitate. Acest material garanteaz\u0103 rezisten\u021ba la deteriorarea mecanic\u0103 \u0219i este u\u0219or de cur\u0103\u021bat, asigur\u00e2nd durabilitate \u0219i mul\u021bi ani de utilizare. Capacul previne evaporarea excesului de ap\u0103 din alimentele g\u0103tite, permi\u021b\u00e2ndu-i s\u0103 se \u00eenc\u0103lzeasc\u0103 mai repede \u0219i s\u0103 r\u0103m\u00e2n\u0103 cald mai mult timp.<\/p>\n<p>Caracteristici<\/p>\n<p>Diametru: 280 mm<\/p>\n<p>&nbsp;<\/p>\n","protected":false},"excerpt":{"rendered":"<p>Capac pentru vase cu 3 straturi cu diametrul de 280 mm.<\/p>\n","protected":false},"featured_media":17486,"template":"","meta":[],"_links":{"self":[{"href":"https:\/\/evotek.md\/ro\/wp-json\/wp\/v2\/product\/17492"}],"collection":[{"href":"https:\/\/evotek.md\/ro\/wp-json\/wp\/v2\/product"}],"about":[{"href":"https:\/\/evotek.md\/ro\/wp-json\/wp\/v2\/types\/product"}],"wp:featuredmedia":[{"embeddable":true,"href":"https:\/\/evotek.md\/ro\/wp-json\/wp\/v2\/media\/17486"}],"wp:attachment":[{"href":"https:\/\/evotek.md\/ro\/wp-json\/wp\/v2\/media?parent=17492"}],"curies":[{"name":"wp","href":"https:\/\/api.w.org\/{rel}","templated":true}]}}