{"id":17475,"date":"2020-10-26T12:52:32","date_gmt":"2020-10-26T12:52:32","guid":{"rendered":"https:\/\/evotek.md\/?post_type=product&#038;p=17475"},"modified":"2020-10-26T12:52:44","modified_gmt":"2020-10-26T12:52:44","slug":"tigaie-cu-trei-nivele-din-inox-240-mm-l-st-021424","status":"publish","type":"product","link":"https:\/\/evotek.md\/ro\/produse\/accesorii-si-inventar-bucatarie\/cratite-si-tigai\/tigaie-cu-trei-nivele-din-inox-240-mm-l-st-021424\/","title":{"rendered":"TIGAIE CU TREI NIVELE DIN INOX 240 mm L -ST-021424"},"content":{"rendered":"<p><strong>TIGAIE CU TREI NIVELE DIN INOX 240 mm L -ST-021424-<\/strong> Tigaie cu trei straturi este extrem de durabil\u0103 pentru gastronomia profesional\u0103. Tigaia folose\u0219te o tehnologie cu trei straturi \u00een partea de jos, care este responsabil\u0103 pentru distribu\u021bia uniform\u0103 a c\u0103ldurii. Ca urmare, m\u00e2ncarea g\u0103tit\u0103 \u00een ea se \u00eenc\u0103lze\u0219te foarte repede, dar nu se arde. Capacul din inox magnetic permite utilizarea vasului pe o plit\u0103 cu induc\u021bie. Tigaia poate fi utilizat\u0103 pe plite electrice, pe gaz, ceramice \u0219i cu induc\u021bie.<\/p>\n<p>Caracteristici<\/p>\n<p>\u00cen\u0103l\u021bime: 50 mm<\/p>\n<p>Diametru: 240 mm<\/p>\n<p>&nbsp;<\/p>\n","protected":false},"excerpt":{"rendered":"<p>Crati\u021b\u0103 cu trei straturi, f\u0103r\u0103 capac. \u00cen\u0103l\u021bime: 50 mm; Diametru: 240 mm<\/p>\n","protected":false},"featured_media":17541,"template":"","meta":[],"_links":{"self":[{"href":"https:\/\/evotek.md\/ro\/wp-json\/wp\/v2\/product\/17475"}],"collection":[{"href":"https:\/\/evotek.md\/ro\/wp-json\/wp\/v2\/product"}],"about":[{"href":"https:\/\/evotek.md\/ro\/wp-json\/wp\/v2\/types\/product"}],"wp:featuredmedia":[{"embeddable":true,"href":"https:\/\/evotek.md\/ro\/wp-json\/wp\/v2\/media\/17541"}],"wp:attachment":[{"href":"https:\/\/evotek.md\/ro\/wp-json\/wp\/v2\/media?parent=17475"}],"curies":[{"name":"wp","href":"https:\/\/api.w.org\/{rel}","templated":true}]}}