{"id":17470,"date":"2020-10-26T12:29:33","date_gmt":"2020-10-26T12:30:08","guid":{"rendered":"https:\/\/evotek.md\/?post_type=product&#038;p=17470"},"modified":"2023-01-17T12:41:39","modified_gmt":"2023-01-17T12:41:39","slug":"cratita-pentru-sos-cu-trei-nivele-din-inox-38-l-st-021020","status":"publish","type":"product","link":"https:\/\/evotek.md\/ro\/produse\/accesorii-si-inventar-bucatarie\/cratite-si-tigai\/cratita-pentru-sos-cu-trei-nivele-din-inox-38-l-st-021020\/","title":{"rendered":"CRATI\u021a\u0102 PENTRU SOS CU TREI STRATURI DIN INOX 3,8 L -ST-021020"},"content":{"rendered":"<p><strong>CRATI\u021a\u0102 PENTRU SOS CU TREI STRATURI DIN INOX <\/strong><strong>3,8<\/strong> <strong>L -ST-021020-<\/strong> Crati\u021b\u0103 pentru sos cu trei straturi este extrem de durabil\u0103 pentru gastronomia profesional\u0103. Crati\u021ba folose\u0219te o tehnologie cu trei straturi \u00een partea de jos, care este responsabil\u0103 pentru distribu\u021bia uniform\u0103 a c\u0103ldurii. Ca urmare, m\u00e2ncarea g\u0103tit\u0103 \u00een ea se \u00eenc\u0103lze\u0219te foarte repede, dar nu se arde. Capacul din inox magnetic permite utilizarea vasului pe o plit\u0103 cu induc\u021bie. Tigaia poate fi utilizat\u0103 pe plite electrice, pe gaz, ceramice \u0219i cu induc\u021bie.<\/p>\n<p>Caracteristici<\/p>\n<p>\u00cen\u0103l\u021bime: 120 mm<\/p>\n<p>Diametru: 200 mm<\/p>\n<p>Volum: 3,8 L<\/p>\n<p>&nbsp;<\/p>\n","protected":false},"excerpt":{"rendered":"<p>Crati\u021b\u0103 pentru sos cu trei straturi, f\u0103r\u0103 capac, cu un volum de 3,8 litri. \u00cen\u0103l\u021bime: 120 mm; Diametru: 200 mm; Volum: 3,8 l.<\/p>\n","protected":false},"featured_media":17542,"template":"","meta":[],"_links":{"self":[{"href":"https:\/\/evotek.md\/ro\/wp-json\/wp\/v2\/product\/17470"}],"collection":[{"href":"https:\/\/evotek.md\/ro\/wp-json\/wp\/v2\/product"}],"about":[{"href":"https:\/\/evotek.md\/ro\/wp-json\/wp\/v2\/types\/product"}],"wp:featuredmedia":[{"embeddable":true,"href":"https:\/\/evotek.md\/ro\/wp-json\/wp\/v2\/media\/17542"}],"wp:attachment":[{"href":"https:\/\/evotek.md\/ro\/wp-json\/wp\/v2\/media?parent=17470"}],"curies":[{"name":"wp","href":"https:\/\/api.w.org\/{rel}","templated":true}]}}