{"id":17460,"date":"2020-10-26T11:54:20","date_gmt":"2020-10-26T11:54:20","guid":{"rendered":"https:\/\/evotek.md\/?post_type=product&#038;p=17460"},"modified":"2020-10-26T11:55:21","modified_gmt":"2020-10-26T11:55:21","slug":"cratita-cu-trei-nivele-din-inox-63-l-st-021124","status":"publish","type":"product","link":"https:\/\/evotek.md\/ro\/produse\/accesorii-si-inventar-bucatarie\/cratite-si-tigai\/cratita-cu-trei-nivele-din-inox-63-l-st-021124\/","title":{"rendered":"CRATI\u021a\u0102 CU TREI NIVELE DIN INOX 6,3 L -ST-021124"},"content":{"rendered":"<p><strong>CRATI\u021a\u0102 CU TREI NIVELE DIN INOX 6,3 L -ST-021124-<\/strong> Crati\u021b\u0103 cu trei straturi este extrem de durabil\u0103 pentru gastronomia profesional\u0103. Crati\u021ba folose\u0219te o tehnologie cu trei straturi \u00een partea de jos, care este responsabil\u0103 pentru distribu\u021bia uniform\u0103 a c\u0103ldurii. Ca urmare, m\u00e2ncarea g\u0103tit\u0103 \u00een ea se \u00eenc\u0103lze\u0219te foarte repede, dar nu se arde. Capacul din inox magnetic permite utilizarea vasului pe o plit\u0103 cu induc\u021bie. Tigaia poate fi utilizat\u0103 pe plite electrice, pe gaz, ceramice \u0219i cu induc\u021bie.<\/p>\n<p>Caracteristici<\/p>\n<p>\u00cen\u0103l\u021bime: 140mm<\/p>\n<p>Diametru: 240mm<\/p>\n<p>Volum: 6,3 L<\/p>\n<p>&nbsp;<\/p>\n","protected":false},"excerpt":{"rendered":"<p>Crati\u021b\u0103 cu trei straturi, f\u0103r\u0103 capac, cu un volum de 6,3 litri. \u00cen\u0103l\u021bime: 140mm; Diametru: 240mm; Volum: 6,3 l.<\/p>\n","protected":false},"featured_media":17539,"template":"","meta":[],"_links":{"self":[{"href":"https:\/\/evotek.md\/ro\/wp-json\/wp\/v2\/product\/17460"}],"collection":[{"href":"https:\/\/evotek.md\/ro\/wp-json\/wp\/v2\/product"}],"about":[{"href":"https:\/\/evotek.md\/ro\/wp-json\/wp\/v2\/types\/product"}],"wp:featuredmedia":[{"embeddable":true,"href":"https:\/\/evotek.md\/ro\/wp-json\/wp\/v2\/media\/17539"}],"wp:attachment":[{"href":"https:\/\/evotek.md\/ro\/wp-json\/wp\/v2\/media?parent=17460"}],"curies":[{"name":"wp","href":"https:\/\/api.w.org\/{rel}","templated":true}]}}