{"id":17431,"date":"2020-10-23T12:47:48","date_gmt":"2020-10-23T12:47:48","guid":{"rendered":"https:\/\/evotek.md\/?post_type=product&#038;p=17431"},"modified":"2020-10-23T12:47:48","modified_gmt":"2020-10-23T12:47:48","slug":"tigaie-din-inox-acoperita-cu-teflon-o-24-%d1%81%d0%bc-st-014245","status":"publish","type":"product","link":"https:\/\/evotek.md\/ro\/produse\/accesorii-si-inventar-bucatarie\/cratite-si-tigai\/tigai-din-inox-2\/tigaie-din-inox-acoperita-cu-teflon-o-24-%d1%81%d0%bc-st-014245\/","title":{"rendered":"TIGAIE DIN INOX ACOPERIT\u0102 CU TEFLON \u00d8 24 \u0441\u043c -ST-014245"},"content":{"rendered":"<p><strong>TIGAIE DIN INOX ACOPERIT\u0102 CU TEFLON \u00d8 24 \u0441\u043c -ST-014245- <\/strong>Tigaie din inox cu un strat de teflon de 24 cm. \u00cen partea inferioar\u0103 a produsului este folosit\u0103 tehnologia multistrat, care asigur\u0103 o bun\u0103 conductibilitate termic\u0103. Acoperirea antiaderent\u0103 teflon previne lipirea. Fundul \u00eencapsulat (multistrat) ofer\u0103 rezisten\u021b\u0103 la coroziune. Produsul este compatibil cu toate tipurile de plite. Permis pentru utilizarea \u00een echipamentul de sp\u0103lat vase.<\/p>\n<p>Tigaie din inox cu acoperire din teflon de 24 cm. \u00cen\u0103l\u021bime 50 mm.<\/p>\n","protected":false},"excerpt":{"rendered":"<p>Tigaie din inox cu acoperire din teflon de 24 cm. \u00cen\u0103l\u021bime 50 mm.<\/p>\n","protected":false},"featured_media":17515,"template":"","meta":[],"_links":{"self":[{"href":"https:\/\/evotek.md\/ro\/wp-json\/wp\/v2\/product\/17431"}],"collection":[{"href":"https:\/\/evotek.md\/ro\/wp-json\/wp\/v2\/product"}],"about":[{"href":"https:\/\/evotek.md\/ro\/wp-json\/wp\/v2\/types\/product"}],"wp:featuredmedia":[{"embeddable":true,"href":"https:\/\/evotek.md\/ro\/wp-json\/wp\/v2\/media\/17515"}],"wp:attachment":[{"href":"https:\/\/evotek.md\/ro\/wp-json\/wp\/v2\/media?parent=17431"}],"curies":[{"name":"wp","href":"https:\/\/api.w.org\/{rel}","templated":true}]}}