{"id":17370,"date":"2020-10-23T10:28:48","date_gmt":"2020-10-23T10:28:48","guid":{"rendered":"https:\/\/evotek.md\/?post_type=product&#038;p=17370"},"modified":"2020-10-23T10:29:00","modified_gmt":"2020-10-23T10:29:00","slug":"dulap-pentru-incalzirea-veselei-dozator-pentru-vesela-m-09362005","status":"publish","type":"product","link":"https:\/\/evotek.md\/ro\/produse\/echipamente-termice\/dulap-pentru-incalzirea-veselei\/dulap-pentru-incalzirea-veselei-dozator-pentru-vesela-m-09362005\/","title":{"rendered":"DULAP PENTRU \u00ceNC\u0102LZIREA VESELEI\/DOZATOR PENTRU VESEL\u0102 -M-09362005"},"content":{"rendered":"<p><strong>DULAP PENTRU \u00ceNC\u0102LZIREA VESELEI\/DOZATOR PENTRU VESEL\u0102 -M-09362005-<\/strong> Acest \u00eenc\u0103lzitor de vesel\u0103 durabil \u0219i u\u0219or de utilizat este potrivit pentru 80 de farfurii de p\u00e2n\u0103 la 30 cm. Cu un mecanism convenabil pute\u021bi seta cu u\u0219urin\u021b\u0103 temperatura \u00eentre 30-85 grade Celsius.<\/p>\n<p>Caracteristici<\/p>\n<p>Greutate: 48 kg<\/p>\n<p>Dimensiuni: W570xD1060xH1030 mm<\/p>\n<p>Conexiune: 230 V \/ 50 Hz \/ 1 faz\u0103 800 W<\/p>\n<p>Potrivit pentru 80 de farfurii de p\u00e2n\u0103 la 30 cm<\/p>\n<p>Temperatura reglabil\u0103 de la 30 la 85 de grade Celsius<\/p>\n<p>Carcas\u0103 din inox u\u0219or de p\u0103strat<\/p>\n<p>&nbsp;<\/p>\n","protected":false},"excerpt":{"rendered":"<p>Dulap pentru \u00eenc\u0103lzirea veselei\/dozator pentru vesel\u0103 cu capacitatea de 80 farfurii. Greutate: 48 kg; Dimensiuni: W570xD1060xH1030 mm; Conexiune: 230 V \/ 50 Hz \/ 1 faz\u0103 800 W; Potrivit pentru 80 de farfurii de p\u00e2n\u0103 la 30 cm; Temperatura reglabil\u0103 de la 30 la 85 de grade Celsius; Carcas\u0103 din inox u\u0219or de p\u0103strat.<\/p>\n","protected":false},"featured_media":17361,"template":"","meta":[],"_links":{"self":[{"href":"https:\/\/evotek.md\/ro\/wp-json\/wp\/v2\/product\/17370"}],"collection":[{"href":"https:\/\/evotek.md\/ro\/wp-json\/wp\/v2\/product"}],"about":[{"href":"https:\/\/evotek.md\/ro\/wp-json\/wp\/v2\/types\/product"}],"wp:featuredmedia":[{"embeddable":true,"href":"https:\/\/evotek.md\/ro\/wp-json\/wp\/v2\/media\/17361"}],"wp:attachment":[{"href":"https:\/\/evotek.md\/ro\/wp-json\/wp\/v2\/media?parent=17370"}],"curies":[{"name":"wp","href":"https:\/\/api.w.org\/{rel}","templated":true}]}}