{"id":17318,"date":"2020-10-23T09:02:21","date_gmt":"2020-10-23T09:02:21","guid":{"rendered":"https:\/\/evotek.md\/?post_type=product&#038;p=17318"},"modified":"2020-10-23T10:14:31","modified_gmt":"2020-10-23T10:14:31","slug":"dulap-pentru-incalzirea-veselei-m-09362010","status":"publish","type":"product","link":"https:\/\/evotek.md\/ro\/produse\/echipamente-termice\/dulap-pentru-incalzirea-veselei\/dulap-pentru-incalzirea-veselei-m-09362010\/","title":{"rendered":"DULAP PENTRU \u00ceNC\u0102LZIREA VESELEI -M-09362010"},"content":{"rendered":"<p><strong>DULAP PENTRU \u00ceNC\u0102LZIREA VESELEI -M-09362010-<\/strong> Acest aparat de \u00eenc\u0103lzire robust, u\u0219or de utilizat, are o singur\u0103 u\u0219\u0103 frontal\u0103. \u00cen interiorul dulapului de buc\u0103t\u0103rie exist\u0103 suficient spa\u021biu pentru farfurii de p\u00e2n\u0103 la 32 cm. Acest \u00eenc\u0103lzitor de farfurii v\u0103 permite s\u0103 \u00eenc\u0103lzi\u021bi p\u00e2n\u0103 la 30 de farfurii simultan.<\/p>\n<p>Caracteristici<\/p>\n<p>Greutate: 20 kg<\/p>\n<p>Dimensiuni: W400xD450xH575mm<\/p>\n<p>Dimensiuni interioare: W360xD360xH420 mm<\/p>\n<p>Conexiune: 230 V \/ 50 Hz \/ 1 faz\u0103 400 W<\/p>\n<p>Spa\u021biu pentru farfurii de p\u00e2n\u0103 la 32 cm<\/p>\n<p>Incalzitor compact pentru farfurii pana la 30 de farfurii<\/p>\n<p>Temperatura reglabil\u0103 de la 30 la 85 de grade Celsius<\/p>\n<p>Carcas\u0103 din inox, u\u0219or de p\u0103strat<\/p>\n<p>&nbsp;<\/p>\n","protected":false},"excerpt":{"rendered":"<p>Dulap pentru \u00eenc\u0103lzirea veselei cu capacitatea de 30 farfurii. Greutate: 20 kg; Dimensiuni: W400xD450xH575mm; Dimensiuni interioare: W360xD360xH420 mm; Conexiune: 230 V \/ 50 Hz \/ 1 faz\u0103 400 W; Incalzitor compact pentru farfurii pana la 30 de farfurii; Temperatura reglabil\u0103 de la 30 la 85 de grade Celsius; Carcas\u0103 din inox, u\u0219or de p\u0103strat.<\/p>\n","protected":false},"featured_media":17313,"template":"","meta":[],"_links":{"self":[{"href":"https:\/\/evotek.md\/ro\/wp-json\/wp\/v2\/product\/17318"}],"collection":[{"href":"https:\/\/evotek.md\/ro\/wp-json\/wp\/v2\/product"}],"about":[{"href":"https:\/\/evotek.md\/ro\/wp-json\/wp\/v2\/types\/product"}],"wp:featuredmedia":[{"embeddable":true,"href":"https:\/\/evotek.md\/ro\/wp-json\/wp\/v2\/media\/17313"}],"wp:attachment":[{"href":"https:\/\/evotek.md\/ro\/wp-json\/wp\/v2\/media?parent=17318"}],"curies":[{"name":"wp","href":"https:\/\/api.w.org\/{rel}","templated":true}]}}