{"id":17309,"date":"2020-10-23T08:41:53","date_gmt":"2020-10-23T08:41:53","guid":{"rendered":"https:\/\/evotek.md\/?post_type=product&#038;p=17309"},"modified":"2020-10-23T08:42:06","modified_gmt":"2020-10-23T08:42:06","slug":"dulap-pentru-incalzirea-canilor-m-09362030","status":"publish","type":"product","link":"https:\/\/evotek.md\/ro\/produse\/echipamente-termice\/dulap-pentru-incalzirea-veselei\/dulap-pentru-incalzirea-canilor-m-09362030\/","title":{"rendered":"DULAP PENTRU \u00ceNC\u0102LZIREA C\u0102NILOR -M-09362030"},"content":{"rendered":"<p><strong>DULAP PENTRU \u00ceNC\u0102LZIREA C\u0102NILOR -M-09362030- <\/strong>Ideal pentru depozitarea unor volume mari de c\u0103ni, \u00een acest model \u00eencap 72 de c\u0103ni. Datorit\u0103 elementului puternic de \u00eenc\u0103lzire, temperatura ajunge p\u00e2n\u0103 la 65 de grade Celsius. Acest dispozitiv este potrivit pentru unit\u0103\u021bile de alimenta\u021bie public\u0103 \u0219i comer\u021b stradat, precum restaurante, \u0219coli, cafenele \u0219i pub-uri<\/p>\n<p>Caracteristici<\/p>\n<p>Greutate: 11,5 kg<\/p>\n<p>Dimensiuni: W320xD380xH560 mm<\/p>\n<p>Conexiune: 230 V \/ 50 Hz \/ 1 faz\u0103 140 W<\/p>\n<p>Incalzitor compact de 72 de c\u0103ni<\/p>\n<p>2 nivele pentru o stivuire stabil\u0103 a cupelor<\/p>\n<p>\u00cenc\u0103lzire constant\u0103 p\u00e2n\u0103 la 65 de grade Celsius<\/p>\n<p>U\u0219or de cur\u0103\u021bat<\/p>\n<p>Echipat cu picioare de cauciuc<\/p>\n<p>&nbsp;<\/p>\n<p>&nbsp;<\/p>\n","protected":false},"excerpt":{"rendered":"<p>Dulap pentru \u00eenc\u0103lzirea c\u0103nilor cu capacitatea de 72 c\u0103ni. Greutate: 11,5 kg; Dimensiuni: W320xD380xH560 mm; Conexiune: 230 V \/ 50 Hz \/ 1 faz\u0103 140 W; Incalzitor compact de 72 de c\u0103ni; 2 nivele pentru o stivuire stabil\u0103 a cupelor; \u00cenc\u0103lzire constant\u0103 p\u00e2n\u0103 la 65 de grade Celsius; U\u0219or de cur\u0103\u021bat; Echipat cu picioare de cauciuc.<\/p>\n","protected":false},"featured_media":17302,"template":"","meta":[],"_links":{"self":[{"href":"https:\/\/evotek.md\/ro\/wp-json\/wp\/v2\/product\/17309"}],"collection":[{"href":"https:\/\/evotek.md\/ro\/wp-json\/wp\/v2\/product"}],"about":[{"href":"https:\/\/evotek.md\/ro\/wp-json\/wp\/v2\/types\/product"}],"wp:featuredmedia":[{"embeddable":true,"href":"https:\/\/evotek.md\/ro\/wp-json\/wp\/v2\/media\/17302"}],"wp:attachment":[{"href":"https:\/\/evotek.md\/ro\/wp-json\/wp\/v2\/media?parent=17309"}],"curies":[{"name":"wp","href":"https:\/\/api.w.org\/{rel}","templated":true}]}}