{"id":17298,"date":"2020-10-22T10:28:23","date_gmt":"2020-10-22T10:28:23","guid":{"rendered":"https:\/\/evotek.md\/?post_type=product&#038;p=17298"},"modified":"2020-10-22T10:28:23","modified_gmt":"2020-10-22T10:28:23","slug":"dulap-pentru-incalzirea-veselei-neizolat-emp-idp-7180","status":"publish","type":"product","link":"https:\/\/evotek.md\/ro\/produse\/echipamente-termice\/dulap-pentru-incalzirea-veselei\/dulap-pentru-incalzirea-veselei-neizolat-emp-idp-7180\/","title":{"rendered":"DULAP PENTRU \u00ceNC\u0102LZIREA VESELEI (NEIZOLAT)-EMP.IDP.7180"},"content":{"rendered":"<p><strong>DULAP PENTRU \u00ceNC\u0102LZIREA VESELEI (NEIZOLAT)-<em>EMP.IDP.7180- <\/em> <\/strong>Ideal pentru depozitarea unor volume mari de vase. Acest dispozitiv este potrivit pentru unit\u0103\u021bile de alimenta\u021bie public\u0103 \u0219i comer\u021b stradal, precum \u0219i restaurante, \u0219coli, cafenele \u0219i pub-uri.<\/p>\n<p>Caracteristici<\/p>\n<p>Dimensiuni: 1800x700x850<\/p>\n<p>Putere: 2<\/p>\n<p>Temperatur\u0103: 0 \u00b0 C &#8211; 90 \u00b0 C<\/p>\n","protected":false},"excerpt":{"rendered":"<p>Dulap pentru \u00eenc\u0103lzirea veselei (neizolat). Dimensiuni: 1800x700x850; Putere: 2; Temperatur\u0103: 0 \u00b0 C &#8211; 90 \u00b0 C.<\/p>\n","protected":false},"featured_media":9332,"template":"","meta":[],"_links":{"self":[{"href":"https:\/\/evotek.md\/ro\/wp-json\/wp\/v2\/product\/17298"}],"collection":[{"href":"https:\/\/evotek.md\/ro\/wp-json\/wp\/v2\/product"}],"about":[{"href":"https:\/\/evotek.md\/ro\/wp-json\/wp\/v2\/types\/product"}],"wp:featuredmedia":[{"embeddable":true,"href":"https:\/\/evotek.md\/ro\/wp-json\/wp\/v2\/media\/9332"}],"wp:attachment":[{"href":"https:\/\/evotek.md\/ro\/wp-json\/wp\/v2\/media?parent=17298"}],"curies":[{"name":"wp","href":"https:\/\/api.w.org\/{rel}","templated":true}]}}