{"id":17284,"date":"2020-10-22T09:40:53","date_gmt":"2020-10-22T09:40:53","guid":{"rendered":"https:\/\/evotek.md\/?post_type=product&#038;p=17284"},"modified":"2020-10-22T09:40:53","modified_gmt":"2020-10-22T09:40:53","slug":"dulap-pentru-incalzirea-veselei-izolat-emp-idp-7160-i","status":"publish","type":"product","link":"https:\/\/evotek.md\/ro\/produse\/echipamente-termice\/dulap-pentru-incalzirea-veselei\/dulap-pentru-incalzirea-veselei-izolat-emp-idp-7160-i\/","title":{"rendered":"DULAP PENTRU \u00ceNC\u0102LZIREA VESELEI (IZOLAT)- EMP.IDP.7160-I"},"content":{"rendered":"<p><strong>DULAP PENTRU \u00ceNC\u0102LZIREA VESELEI (IZOLAT)- <em>EMP.IDP.7160-I- <\/em><\/strong>Ideal pentru depozitarea unor volume mari de vase. Acest dispozitiv este potrivit pentru unit\u0103\u021bile de alimenta\u021bie public\u0103 \u0219i comer\u021b stradal, precum \u0219i restaurante, \u0219coli, cafenele \u0219i pub-uri.<\/p>\n<p>Caracteristici<\/p>\n<p>Dimensiuni: 1600x700x850<\/p>\n<p>Putere: 1,8<\/p>\n<p>Temperatur\u0103: 0\u00b0 C &#8211; 90\u00b0 C<\/p>\n","protected":false},"excerpt":{"rendered":"<p>Dulap pentru \u00eenc\u0103lzirea veselei (izolat). Dimensiuni: 1600x700x850; Putere: 1,8; Temperatur\u0103: 0\u00b0 C &#8211; 90\u00b0 C.<\/p>\n","protected":false},"featured_media":9332,"template":"","meta":[],"_links":{"self":[{"href":"https:\/\/evotek.md\/ro\/wp-json\/wp\/v2\/product\/17284"}],"collection":[{"href":"https:\/\/evotek.md\/ro\/wp-json\/wp\/v2\/product"}],"about":[{"href":"https:\/\/evotek.md\/ro\/wp-json\/wp\/v2\/types\/product"}],"wp:featuredmedia":[{"embeddable":true,"href":"https:\/\/evotek.md\/ro\/wp-json\/wp\/v2\/media\/9332"}],"wp:attachment":[{"href":"https:\/\/evotek.md\/ro\/wp-json\/wp\/v2\/media?parent=17284"}],"curies":[{"name":"wp","href":"https:\/\/api.w.org\/{rel}","templated":true}]}}