{"id":17280,"date":"2020-10-22T09:33:47","date_gmt":"2020-10-22T09:33:47","guid":{"rendered":"https:\/\/evotek.md\/?post_type=product&#038;p=17280"},"modified":"2020-10-22T09:33:48","modified_gmt":"2020-10-22T09:33:48","slug":"dulap-pentru-incalzirea-veselei-izolat-emp-idp-7120-i","status":"publish","type":"product","link":"https:\/\/evotek.md\/ro\/produse\/echipamente-termice\/dulap-pentru-incalzirea-veselei\/dulap-pentru-incalzirea-veselei-izolat-emp-idp-7120-i\/","title":{"rendered":"DULAP PENTRU \u00ceNC\u0102LZIREA VESELEI (IZOLAT)-EMP.IDP.7120-I"},"content":{"rendered":"<p><strong>DULAP PENTRU \u00ceNC\u0102LZIREA VESELEI (IZOLAT)-<em>EMP.IDP.7120-I-<\/em>\u00a0<\/strong>Ideal pentru depozitarea unor volume mari de vase. Acest dispozitiv este potrivit pentru unit\u0103\u021bile de alimenta\u021bie public\u0103 \u0219i comer\u021b stradal, precum \u0219i restaurante, \u0219coli, cafenele \u0219i pub-uri.<\/p>\n<p>Caracteristici<\/p>\n<p>Dimensiuni: 1200x700x850<\/p>\n<p>Putere: 1,4<\/p>\n<p>Temperatur\u0103: 0\u00b0 C &#8211; 90\u00b0 C<\/p>\n","protected":false},"excerpt":{"rendered":"<p>Dulap pentru \u00eenc\u0103lzirea veselei (izolat). Dimensiuni: 1200x700x850; Putere: 1,4; Temperatur\u0103: 0\u00b0 C &#8211; 90\u00b0 C.<\/p>\n","protected":false},"featured_media":9332,"template":"","meta":[],"_links":{"self":[{"href":"https:\/\/evotek.md\/ro\/wp-json\/wp\/v2\/product\/17280"}],"collection":[{"href":"https:\/\/evotek.md\/ro\/wp-json\/wp\/v2\/product"}],"about":[{"href":"https:\/\/evotek.md\/ro\/wp-json\/wp\/v2\/types\/product"}],"wp:featuredmedia":[{"embeddable":true,"href":"https:\/\/evotek.md\/ro\/wp-json\/wp\/v2\/media\/9332"}],"wp:attachment":[{"href":"https:\/\/evotek.md\/ro\/wp-json\/wp\/v2\/media?parent=17280"}],"curies":[{"name":"wp","href":"https:\/\/api.w.org\/{rel}","templated":true}]}}