{"id":17264,"date":"2020-10-21T12:32:22","date_gmt":"2020-10-21T12:33:05","guid":{"rendered":"https:\/\/evotek.md\/?post_type=product&#038;p=17264"},"modified":"2023-01-18T15:01:16","modified_gmt":"2023-01-18T15:01:16","slug":"capac-pentru-tigaie-wok-cu-inductie-din-inox-maxima-09371061","status":"publish","type":"product","link":"https:\/\/evotek.md\/ro\/produse\/accesorii-si-inventar-bucatarie\/cratite-si-tigai\/tigai-pentru-plite-cu-inductie-2\/capac-pentru-tigaie-wok-cu-inductie-din-inox-maxima-09371061\/","title":{"rendered":"CAPAC PENTRU TIGAIE WOK CU INDUC\u021aIE DIN INOX \u00d8360 -M-09371061"},"content":{"rendered":"<p><strong>CAPAC PENTRU TIGAIE WOK CU INDUC\u021aIE DIN INOX \u00d8360 -M-09371061-<\/strong> Acest capac se potrive\u0219te pentru tigaia wok Maxima Induction. Tigaia profesional\u0103 din inox pentru industria alimentar\u0103 are forma ideal\u0103 pentru o plit\u0103 cu induc\u021bie, ce distribuie c\u0103ldura \u00een mod optim.<\/p>\n<p>Caracteristici<\/p>\n<p>U\u0219or de cur\u0103\u021bat datorit\u0103 suprafe\u021bei f\u0103r\u0103 sudur\u0103<\/p>\n<p>Greutate net\u0103: 1 kg<\/p>\n<p>Dimensiunile capacului: \u00d8360xH80 mm<\/p>\n<p>&nbsp;<\/p>\n","protected":false},"excerpt":{"rendered":"<p>Capac din inox pentru tigaie cu induc\u021bie wok. U\u0219or de cur\u0103\u021bat datorit\u0103 suprafe\u021bei f\u0103r\u0103 sudur\u0103; Greutate neta: 1kg; Dimensiunile capacului: \u00d8360xH80 mm.<\/p>\n","protected":false},"featured_media":17261,"template":"","meta":[],"_links":{"self":[{"href":"https:\/\/evotek.md\/ro\/wp-json\/wp\/v2\/product\/17264"}],"collection":[{"href":"https:\/\/evotek.md\/ro\/wp-json\/wp\/v2\/product"}],"about":[{"href":"https:\/\/evotek.md\/ro\/wp-json\/wp\/v2\/types\/product"}],"wp:featuredmedia":[{"embeddable":true,"href":"https:\/\/evotek.md\/ro\/wp-json\/wp\/v2\/media\/17261"}],"wp:attachment":[{"href":"https:\/\/evotek.md\/ro\/wp-json\/wp\/v2\/media?parent=17264"}],"curies":[{"name":"wp","href":"https:\/\/api.w.org\/{rel}","templated":true}]}}