{"id":17257,"date":"2020-10-21T12:06:46","date_gmt":"2020-10-21T12:07:46","guid":{"rendered":"https:\/\/evotek.md\/?post_type=product&#038;p=17257"},"modified":"2022-10-17T07:57:39","modified_gmt":"2022-10-17T07:57:39","slug":"tigaie-wok-cu-inductie-din-inox-maxima-09371060","status":"publish","type":"product","link":"https:\/\/evotek.md\/ro\/produse\/accesorii-si-inventar-bucatarie\/cratite-si-tigai\/tigai-pentru-plite-cu-inductie-2\/tigaie-wok-cu-inductie-din-inox-maxima-09371060\/","title":{"rendered":"TIGAIE WOK DIN INOX \u00d8 360 -M-09371060"},"content":{"rendered":"<p><strong>TIGAIE WOK DIN INOX \u00d8 360 -M-09371060-<\/strong> Tigaie profesional\u0103 din inox pentru industria alimentar\u0103. Forma este ideal\u0103 pentru o plit\u0103 cu induc\u021bie, distribuie c\u0103ldura \u00een mod optim.<\/p>\n<p>Caracteristici<\/p>\n<p>M\u00eenere ergonomice pentru u\u0219urin\u021ba \u00een utilizare<\/p>\n<p>U\u0219or de cur\u0103\u021bat datorit\u0103 suprafe\u021bei f\u0103r\u0103 sudur\u0103<\/p>\n<p>Greutate: 3,2 kg<\/p>\n<p>Dimensiuni: \u00d8360xH110 mm<\/p>\n<p>Capacul se vinde separat<\/p>\n<p>Dimensiuni capac: \u00d8360 x H80 mm<\/p>\n<p>&nbsp;<\/p>\n","protected":false},"excerpt":{"rendered":"<p>Tigaie wok din inox \u00d8 360. Greutate: 3,2 kg; Dimensiuni: \u00d8360xH110 mm; Capacul se vinde separat; M\u00eenere ergonomice pentru u\u0219urin\u021ba \u00een utilizare; U\u0219or de cur\u0103\u021bat datorit\u0103 suprafe\u021bei f\u0103r\u0103 sudur\u0103.<\/p>\n","protected":false},"featured_media":17535,"template":"","meta":[],"_links":{"self":[{"href":"https:\/\/evotek.md\/ro\/wp-json\/wp\/v2\/product\/17257"}],"collection":[{"href":"https:\/\/evotek.md\/ro\/wp-json\/wp\/v2\/product"}],"about":[{"href":"https:\/\/evotek.md\/ro\/wp-json\/wp\/v2\/types\/product"}],"wp:featuredmedia":[{"embeddable":true,"href":"https:\/\/evotek.md\/ro\/wp-json\/wp\/v2\/media\/17535"}],"wp:attachment":[{"href":"https:\/\/evotek.md\/ro\/wp-json\/wp\/v2\/media?parent=17257"}],"curies":[{"name":"wp","href":"https:\/\/api.w.org\/{rel}","templated":true}]}}