{"id":17189,"date":"2020-10-21T09:11:06","date_gmt":"2020-10-21T09:11:06","guid":{"rendered":"https:\/\/evotek.md\/?post_type=product&#038;p=17189"},"modified":"2020-10-21T09:11:06","modified_gmt":"2020-10-21T09:11:06","slug":"raft-perforat-cu-4-nivele-1800-mm-emp-d-3-53152-18-4-d-2","status":"publish","type":"product","link":"https:\/\/evotek.md\/ro\/produse\/rafturi-depozitare\/raft-perforat-cu-4-nivele-1800-mm-emp-d-3-53152-18-4-d-2\/","title":{"rendered":"RAFT PERFORAT CU 4 NIVELE (1800 mm)- EMP.D.3.53152-18-4-D"},"content":{"rendered":"<p><strong>RAFT PERFORAT CU 4 NIVELE <\/strong><strong>(1800 <\/strong><strong>mm<\/strong><strong>)- <em>EMP.D.3.53152-18-4-D-<\/em>\u00a0<\/strong>Este destinat depozit\u0103rii ustensilelor de buc\u0103t\u0103rie \u0219i a produselor alimentare ambalate la \u00eentreprinderile de alimenta\u021bie public\u0103 \u0219i comer\u021b. Designul suportului include 4 rafturi.<\/p>\n<p>Caracteristici<\/p>\n<p>Dimensiuni mm: 530x1520x1800<\/p>\n","protected":false},"excerpt":{"rendered":"<p>Raft perforat din inox cu 4 nivele (1800 mm). Dimensiuni mm: 530x1520x1800<\/p>\n","protected":false},"featured_media":16710,"template":"","meta":[],"_links":{"self":[{"href":"https:\/\/evotek.md\/ro\/wp-json\/wp\/v2\/product\/17189"}],"collection":[{"href":"https:\/\/evotek.md\/ro\/wp-json\/wp\/v2\/product"}],"about":[{"href":"https:\/\/evotek.md\/ro\/wp-json\/wp\/v2\/types\/product"}],"wp:featuredmedia":[{"embeddable":true,"href":"https:\/\/evotek.md\/ro\/wp-json\/wp\/v2\/media\/16710"}],"wp:attachment":[{"href":"https:\/\/evotek.md\/ro\/wp-json\/wp\/v2\/media?parent=17189"}],"curies":[{"name":"wp","href":"https:\/\/api.w.org\/{rel}","templated":true}]}}