{"id":17092,"date":"2020-10-20T10:46:56","date_gmt":"2020-10-20T10:47:44","guid":{"rendered":"https:\/\/evotek.md\/?post_type=product&#038;p=17092"},"modified":"2023-02-13T09:02:36","modified_gmt":"2023-02-13T09:02:36","slug":"lopata-pentru-pizza-32%d1%8530-f-32r","status":"publish","type":"product","link":"https:\/\/evotek.md\/ro\/produse\/accesorii-si-inventar-bucatarie\/inventar-pizzerie\/lopata-pentru-pizza-32%d1%8530-f-32r\/","title":{"rendered":"LOPATA PENTRU PIZZA DIN ALUMINIU 320\u0445300&#215;1200 mm -ST-564412"},"content":{"rendered":"<p><strong>LOPATA PENTRU PIZZA DIN ALUMINIU 320\u0445300&#215;1200 mm -ST-564412-<\/strong> Aceast\u0103 lopat\u0103 pentru pizza u\u0219oar\u0103 \u0219i flexibil\u0103 este realizat\u0103 \u00een \u00eentregime din aliaj de aluminiu. M\u00e2nerul oval al lopatei \u00eei u\u0219ureaz\u0103 foarte mult greutatea. M\u00e2nerul este ata\u0219at la lopat\u0103 cu trei nituri mari pentru a asigura siguran\u021b\u0103 \u0219i imobilitate complet\u0103. Avantajul accesoriului nituit este absen\u021ba vibra\u021biilor pe m\u00e2ner \u0219i astfel face ca aceste lope\u021bi s\u0103 fie u\u0219or de utilizat.<\/p>\n<p>Caracteristici<\/p>\n<p>Dimensiuni: 320&#215;300 mm<\/p>\n<p>Lungime: 1200 mm<\/p>\n<p>Material: aluminiu<\/p>\n<p>&nbsp;<\/p>\n","protected":false},"excerpt":{"rendered":"<p>Lopat\u0103 pentru pizza dreptunghiulara. Dimensiuni: 320&#215;300 mm; Lungime: 1200 mm; Material: aluminiu.<\/p>\n","protected":false},"featured_media":17091,"template":"","meta":[],"_links":{"self":[{"href":"https:\/\/evotek.md\/ro\/wp-json\/wp\/v2\/product\/17092"}],"collection":[{"href":"https:\/\/evotek.md\/ro\/wp-json\/wp\/v2\/product"}],"about":[{"href":"https:\/\/evotek.md\/ro\/wp-json\/wp\/v2\/types\/product"}],"wp:featuredmedia":[{"embeddable":true,"href":"https:\/\/evotek.md\/ro\/wp-json\/wp\/v2\/media\/17091"}],"wp:attachment":[{"href":"https:\/\/evotek.md\/ro\/wp-json\/wp\/v2\/media?parent=17092"}],"curies":[{"name":"wp","href":"https:\/\/api.w.org\/{rel}","templated":true}]}}