{"id":17068,"date":"2020-10-20T08:01:29","date_gmt":"2020-10-20T08:01:29","guid":{"rendered":"https:\/\/evotek.md\/?post_type=product&#038;p=17068"},"modified":"2020-10-20T08:01:29","modified_gmt":"2020-10-20T08:01:29","slug":"cratita-pentru-sosuri-din-inox-12-l-st-017202","status":"publish","type":"product","link":"https:\/\/evotek.md\/ro\/produse\/accesorii-si-inventar-bucatarie\/cratite-pentru-sosuri-din-inox\/cratita-pentru-sosuri-din-inox-12-l-st-017202\/","title":{"rendered":"CRATI\u021a\u0102 PENTRU SOSURI, DIN INOX, 1,2 l ST-017202"},"content":{"rendered":"<p><strong>CRATI\u021a\u0102 PENTRU SOSURI, DIN INOX,<\/strong> <strong>1<\/strong><strong>,2 l ST-017202- <\/strong>Crati\u021b\u0103 pentru sosuri, din inox. \u00cen partea inferioar\u0103 a produsului este folosit\u0103 tehnologia multi-strat, care asigur\u0103 o bun\u0103 conductivitate termic\u0103. Fundul \u00eencapsulat (multistrat) ofer\u0103 rezisten\u021b\u0103 la coroziune. Produsul este compatibil cu toate tipurile de plit\u0103. Potrivit pentru utilizarea \u00een ma\u0219inile de sp\u0103lat vase.<\/p>\n<p>Caracteristici<\/p>\n<p>Capacitate: 1,2 l<\/p>\n<p>&nbsp;<\/p>\n","protected":false},"excerpt":{"rendered":"<p>Crati\u021b\u0103 pentru sosuri, cu o capacitate de 1,2 l.<\/p>\n","protected":false},"featured_media":17504,"template":"","meta":[],"_links":{"self":[{"href":"https:\/\/evotek.md\/ro\/wp-json\/wp\/v2\/product\/17068"}],"collection":[{"href":"https:\/\/evotek.md\/ro\/wp-json\/wp\/v2\/product"}],"about":[{"href":"https:\/\/evotek.md\/ro\/wp-json\/wp\/v2\/types\/product"}],"wp:featuredmedia":[{"embeddable":true,"href":"https:\/\/evotek.md\/ro\/wp-json\/wp\/v2\/media\/17504"}],"wp:attachment":[{"href":"https:\/\/evotek.md\/ro\/wp-json\/wp\/v2\/media?parent=17068"}],"curies":[{"name":"wp","href":"https:\/\/api.w.org\/{rel}","templated":true}]}}