{"id":17065,"date":"2020-10-19T14:50:32","date_gmt":"2020-10-19T14:53:26","guid":{"rendered":"https:\/\/evotek.md\/?post_type=product&#038;p=17065"},"modified":"2025-09-22T14:17:18","modified_gmt":"2025-09-22T14:17:18","slug":"cratita-pentru-sosuri-din-inox-22-l-st-017242","status":"publish","type":"product","link":"https:\/\/evotek.md\/ro\/produse\/accesorii-si-inventar-bucatarie\/cratite-pentru-sosuri-din-inox\/cratita-pentru-sosuri-din-inox-22-l-st-017242\/","title":{"rendered":"CRATITA PENTRU SOSURI \u00d8240 mm, DIN INOX, FARA CAPAC, 2.2 LITRI -ST-017242"},"content":{"rendered":"<p><strong>CRATITA PENTRU SOSURI \u00d8240 mm, DIN INOX, FARA CAPAC, 2.2 LITRI -ST-017242- <\/strong>Crati\u021b\u0103 pentru sosuri, din inox. \u00cen partea inferioar\u0103 a produsului este folosit\u0103 tehnologia multi-strat, care asigur\u0103 o bun\u0103 conductivitate termic\u0103. Fundul \u00eencapsulat (multistrat) ofer\u0103 rezisten\u021b\u0103 la coroziune. Produsul este compatibil cu toate tipurile de plit\u0103. Potrivit pentru utilizarea \u00een ma\u0219inile de sp\u0103lat vase.<\/p>\n<p>Caracteristici<br \/>\nCapacitate: 2,2 litri<br \/>\nDiametru: \u00d8240 mm<br \/>\nInaltime: 75 mm<\/p>\n<p>&nbsp;<\/p>\n","protected":false},"excerpt":{"rendered":"<p>Crati\u021b\u0103 pentru sosuri, cu o capacitate de 2,2 litri; Diametru: \u00d8240 mm; Inaltime: 75 mm.<\/p>\n","protected":false},"featured_media":17504,"template":"","meta":[],"_links":{"self":[{"href":"https:\/\/evotek.md\/ro\/wp-json\/wp\/v2\/product\/17065"}],"collection":[{"href":"https:\/\/evotek.md\/ro\/wp-json\/wp\/v2\/product"}],"about":[{"href":"https:\/\/evotek.md\/ro\/wp-json\/wp\/v2\/types\/product"}],"wp:featuredmedia":[{"embeddable":true,"href":"https:\/\/evotek.md\/ro\/wp-json\/wp\/v2\/media\/17504"}],"wp:attachment":[{"href":"https:\/\/evotek.md\/ro\/wp-json\/wp\/v2\/media?parent=17065"}],"curies":[{"name":"wp","href":"https:\/\/api.w.org\/{rel}","templated":true}]}}