{"id":17057,"date":"2020-10-19T14:32:13","date_gmt":"2020-10-19T14:32:13","guid":{"rendered":"https:\/\/evotek.md\/?post_type=product&#038;p=17057"},"modified":"2020-10-19T14:32:13","modified_gmt":"2020-10-19T14:32:13","slug":"cratita-pentru-sosuri-din-inox-cu-capac-5-l-st-015242","status":"publish","type":"product","link":"https:\/\/evotek.md\/ro\/produse\/accesorii-si-inventar-bucatarie\/cratite-pentru-sosuri-din-inox\/cratita-pentru-sosuri-din-inox-cu-capac-5-l-st-015242\/","title":{"rendered":"CRATI\u021a\u0102 PENTRU SOSURI, DIN INOX, CU CAPAC, 5 l ST-015242"},"content":{"rendered":"<p><strong>CRATI\u021a\u0102 PENTRU SOSURI, DIN INOX, CU CAPAC,<\/strong> <strong>5 l ST-015242- <\/strong>Crati\u021b\u0103 pentru sosuri, din inox cu capac. \u00cen partea inferioar\u0103 a produsului este folosit\u0103 tehnologia multi-strat, care asigur\u0103 o bun\u0103 conductivitate termic\u0103. Fundul \u00eencapsulat (multistrat) ofer\u0103 rezisten\u021b\u0103 la coroziune. Produsul este compatibil cu toate tipurile de plit\u0103. Potrivit pentru utilizarea \u00een ma\u0219inile de sp\u0103lat vase.<\/p>\n<p>Caracteristici<\/p>\n<p>Capacitate: 5 l<\/p>\n<p>&nbsp;<\/p>\n","protected":false},"excerpt":{"rendered":"<p>Crati\u021b\u0103 pentru sosuri, cu capac, cu o capacitate de 5 l.<\/p>\n","protected":false},"featured_media":17502,"template":"","meta":[],"_links":{"self":[{"href":"https:\/\/evotek.md\/ro\/wp-json\/wp\/v2\/product\/17057"}],"collection":[{"href":"https:\/\/evotek.md\/ro\/wp-json\/wp\/v2\/product"}],"about":[{"href":"https:\/\/evotek.md\/ro\/wp-json\/wp\/v2\/types\/product"}],"wp:featuredmedia":[{"embeddable":true,"href":"https:\/\/evotek.md\/ro\/wp-json\/wp\/v2\/media\/17502"}],"wp:attachment":[{"href":"https:\/\/evotek.md\/ro\/wp-json\/wp\/v2\/media?parent=17057"}],"curies":[{"name":"wp","href":"https:\/\/api.w.org\/{rel}","templated":true}]}}