{"id":17048,"date":"2020-10-19T14:19:14","date_gmt":"2020-10-19T14:19:14","guid":{"rendered":"https:\/\/evotek.md\/?post_type=product&#038;p=17048"},"modified":"2020-10-19T14:23:27","modified_gmt":"2020-10-19T14:23:27","slug":"cratita-pentru-sosuri-din-inox-fara-capac-33-l-st-015204","status":"publish","type":"product","link":"https:\/\/evotek.md\/ro\/produse\/accesorii-si-inventar-bucatarie\/cratite-pentru-sosuri-din-inox\/cratita-pentru-sosuri-din-inox-fara-capac-33-l-st-015204\/","title":{"rendered":"CRATI\u021a\u0102 PENTRU SOSURI, DIN INOX, F\u0102R\u0102 CAPAC, 3,3 l ST-015204"},"content":{"rendered":"<p><strong>CRATI\u021a\u0102 PENTRU SOSURI DIN INOX, F\u0102R\u0102 CAPAC, <\/strong><strong>3,3 l ST-015204- <\/strong>Crati\u021b\u0103 pentru sosuri din inox f\u0103r\u0103 capac. \u00cen partea inferioar\u0103 a produsului este folosit\u0103 tehnologia multi-strat, care asigur\u0103 o bun\u0103 conductivitate termic\u0103. Fundul \u00eencapsulat (multistrat) ofer\u0103 rezisten\u021b\u0103 la coroziune. Produsul este compatibil cu toate tipurile de plit\u0103. Potrivit pentru utilizarea \u00een ma\u0219inile de sp\u0103lat vase.<\/p>\n<p>Caracteristici<\/p>\n<p>Capacitate: 3,3 l<\/p>\n<p>&nbsp;<\/p>\n","protected":false},"excerpt":{"rendered":"<p>Crati\u021b\u0103 pentru sosuri, f\u0103r\u0103 capac, cu o capacitate de 3,3 l.<\/p>\n","protected":false},"featured_media":17500,"template":"","meta":[],"_links":{"self":[{"href":"https:\/\/evotek.md\/ro\/wp-json\/wp\/v2\/product\/17048"}],"collection":[{"href":"https:\/\/evotek.md\/ro\/wp-json\/wp\/v2\/product"}],"about":[{"href":"https:\/\/evotek.md\/ro\/wp-json\/wp\/v2\/types\/product"}],"wp:featuredmedia":[{"embeddable":true,"href":"https:\/\/evotek.md\/ro\/wp-json\/wp\/v2\/media\/17500"}],"wp:attachment":[{"href":"https:\/\/evotek.md\/ro\/wp-json\/wp\/v2\/media?parent=17048"}],"curies":[{"name":"wp","href":"https:\/\/api.w.org\/{rel}","templated":true}]}}