{"id":17041,"date":"2020-10-19T13:49:12","date_gmt":"2020-10-19T13:49:12","guid":{"rendered":"https:\/\/evotek.md\/?post_type=product&#038;p=17041"},"modified":"2020-10-19T14:24:00","modified_gmt":"2020-10-19T14:24:00","slug":"cratita-pentru-sosuri-din-inox-130-%d0%bc%d0%bb-st-546009","status":"publish","type":"product","link":"https:\/\/evotek.md\/ro\/produse\/accesorii-si-inventar-bucatarie\/cratite-pentru-sosuri-din-inox\/cratita-pentru-sosuri-din-inox-130-%d0%bc%d0%bb-st-546009\/","title":{"rendered":"CRATI\u021a\u0102 PENTRU SOSURI, DIN INOX, \u00a0130 \u043c\u043b ST-546009"},"content":{"rendered":"<p><strong>CRATI\u021a\u0102 PENTRU SOSURI DIN INOX,<\/strong> <strong>\u00a0130 \u043c\u043b ST-546009- <\/strong>Crati\u021bele sunt folosite pentru fierbere, \u00een\u0103bu\u0219ire \u0219i prepararea sosurilor culinare. Sunt convenabile pentru bucatele care trebuie agitate \u00een timpul g\u0103titului \u0219i, de asemenea, atunci c\u00e2nd este necesar s\u0103 p\u0103stra\u021bi lichidul \u00een vas p\u00e2n\u0103 la sf\u00e2r\u0219itul g\u0103titului.C rati\u021bele sunt fabricate din inox, practice \u0219i u\u0219or de utilizat.<\/p>\n<p>Caracteristici<\/p>\n<p>Capacitate: 130ml<\/p>\n<p>Parametri: d68xh43 mm<\/p>\n<p>&nbsp;<\/p>\n","protected":false},"excerpt":{"rendered":"<p>Crati\u021b\u0103 pentru sosuri cu o capacitate de 130 ml. Parametri: d68xh43 mm.<\/p>\n","protected":false},"featured_media":17498,"template":"","meta":[],"_links":{"self":[{"href":"https:\/\/evotek.md\/ro\/wp-json\/wp\/v2\/product\/17041"}],"collection":[{"href":"https:\/\/evotek.md\/ro\/wp-json\/wp\/v2\/product"}],"about":[{"href":"https:\/\/evotek.md\/ro\/wp-json\/wp\/v2\/types\/product"}],"wp:featuredmedia":[{"embeddable":true,"href":"https:\/\/evotek.md\/ro\/wp-json\/wp\/v2\/media\/17498"}],"wp:attachment":[{"href":"https:\/\/evotek.md\/ro\/wp-json\/wp\/v2\/media?parent=17041"}],"curies":[{"name":"wp","href":"https:\/\/api.w.org\/{rel}","templated":true}]}}