{"id":16793,"date":"2020-10-15T10:29:59","date_gmt":"2020-10-15T10:29:59","guid":{"rendered":"https:\/\/evotek.md\/?post_type=product&#038;p=16793"},"modified":"2020-10-15T10:29:59","modified_gmt":"2020-10-15T10:29:59","slug":"raft-perforat-cu-4-nivele-1600-mm-emp-d-3-53137-16-4-d","status":"publish","type":"product","link":"https:\/\/evotek.md\/ro\/produse\/rafturi-depozitare\/rafturi-perforate\/raft-perforat-cu-4-nivele-1600-mm-emp-d-3-53137-16-4-d\/","title":{"rendered":"RAFT PERFORAT CU 4 NIVELE (1600 mm)-EMP.D.3.53137-16-4-D"},"content":{"rendered":"<p><strong>RAFT PERFORAT CU 4 NIVELE<\/strong> <strong>(1600 mm)-<em>EMP.D.3.53137-16-4-D-<\/em> <\/strong>Este destinat depozit\u0103rii ustensilelor de buc\u0103t\u0103rie \u0219i a produselor alimentare ambalate la \u00eentreprinderile de alimenta\u021bie public\u0103 \u0219i comer\u021b. Designul suportului include 4 rafturi.<\/p>\n<p>Caracteristici<\/p>\n<p>Dimensiuni mm: 530x1370x1600<\/p>\n","protected":false},"excerpt":{"rendered":"<p>Rafturi perforate cu 4 nivele. Dimensiuni mm: 530x1370x1600<\/p>\n","protected":false},"featured_media":16710,"template":"","meta":[],"_links":{"self":[{"href":"https:\/\/evotek.md\/ro\/wp-json\/wp\/v2\/product\/16793"}],"collection":[{"href":"https:\/\/evotek.md\/ro\/wp-json\/wp\/v2\/product"}],"about":[{"href":"https:\/\/evotek.md\/ro\/wp-json\/wp\/v2\/types\/product"}],"wp:featuredmedia":[{"embeddable":true,"href":"https:\/\/evotek.md\/ro\/wp-json\/wp\/v2\/media\/16710"}],"wp:attachment":[{"href":"https:\/\/evotek.md\/ro\/wp-json\/wp\/v2\/media?parent=16793"}],"curies":[{"name":"wp","href":"https:\/\/api.w.org\/{rel}","templated":true}]}}