{"id":16718,"date":"2020-10-15T07:59:47","date_gmt":"2020-10-15T07:59:47","guid":{"rendered":"https:\/\/evotek.md\/?post_type=product&#038;p=16718"},"modified":"2020-10-15T07:59:47","modified_gmt":"2020-10-15T07:59:47","slug":"raft-perforat-cu-4-nivele-1800-mm-emp-d-3-53107-18-4-d","status":"publish","type":"product","link":"https:\/\/evotek.md\/ro\/produse\/rafturi-depozitare\/rafturi-perforate\/raft-perforat-cu-4-nivele-1800-mm-emp-d-3-53107-18-4-d\/","title":{"rendered":"RAFT PERFORAT CU 4 NIVELE (1800 mm)- EMP.D.3.53107-18-4-D"},"content":{"rendered":"<p><strong>RAFT PERFORAT CU 4 NIVELE<\/strong> <strong>(1<\/strong><strong>8<\/strong><strong>00 mm)<\/strong><strong>&#8211;<\/strong> <em><strong>EMP.D.3.53107-18-4-D-<\/strong><\/em>Este destinat depozit\u0103rii ustensilelor de buc\u0103t\u0103rie \u0219i a produselor alimentare ambalate la \u00eentreprinderile de alimenta\u021bie public\u0103 \u0219i comer\u021b. Designul suportului include 4 rafturi.<\/p>\n<p>Caracteristici<\/p>\n<p>Dimensiuni mm: 530x1070x1800<\/p>\n","protected":false},"excerpt":{"rendered":"<p>Raft perforat cu 4 nivele. Dimensiuni mm: 530x1070x1800<\/p>\n","protected":false},"featured_media":16710,"template":"","meta":[],"_links":{"self":[{"href":"https:\/\/evotek.md\/ro\/wp-json\/wp\/v2\/product\/16718"}],"collection":[{"href":"https:\/\/evotek.md\/ro\/wp-json\/wp\/v2\/product"}],"about":[{"href":"https:\/\/evotek.md\/ro\/wp-json\/wp\/v2\/types\/product"}],"wp:featuredmedia":[{"embeddable":true,"href":"https:\/\/evotek.md\/ro\/wp-json\/wp\/v2\/media\/16710"}],"wp:attachment":[{"href":"https:\/\/evotek.md\/ro\/wp-json\/wp\/v2\/media?parent=16718"}],"curies":[{"name":"wp","href":"https:\/\/api.w.org\/{rel}","templated":true}]}}