{"id":16572,"date":"2020-10-13T08:15:27","date_gmt":"2020-10-13T08:15:27","guid":{"rendered":"https:\/\/evotek.md\/?post_type=product&#038;p=16572"},"modified":"2020-10-13T08:16:29","modified_gmt":"2020-10-13T08:16:29","slug":"raft-din-inox-cu-4-nivele-si-polite-plate-1800-mm-emp-d-2-36122-18-4","status":"publish","type":"product","link":"https:\/\/evotek.md\/ro\/produse\/rafturi-depozitare\/rafturi-plate\/raft-din-inox-cu-4-nivele-si-polite-plate-1800-mm-emp-d-2-36122-18-4\/","title":{"rendered":"RAFT DIN INOX CU 4 NIVELE \u0218I POLI\u021aE PLATE (1800 mm)-EMP.D.2.36122-18-4"},"content":{"rendered":"<p><strong>RAFT DIN INOX CU 4 NIVELE \u0218I POLI\u021aE PLATE (1800 mm)-<em>EMP.D.2.36122-18-4-<\/em> <\/strong>Este destinat depozit\u0103rii ustensilelor de buc\u0103t\u0103rie \u0219i a produselor alimentare ambalate la \u00eentreprinderile de alimenta\u021bie public\u0103 \u0219i comer\u021b. Designul suportului include 4 rafturi.<\/p>\n<p>Caracteristici<\/p>\n<p>Dimensiuni mm: 360x1220x1800<\/p>\n","protected":false},"excerpt":{"rendered":"<p>Raft din inox cu 4 nivele \u0219i poli\u021be plate (1800 mm). Dimensiuni mm: 360x1220x1800<\/p>\n","protected":false},"featured_media":16199,"template":"","meta":[],"_links":{"self":[{"href":"https:\/\/evotek.md\/ro\/wp-json\/wp\/v2\/product\/16572"}],"collection":[{"href":"https:\/\/evotek.md\/ro\/wp-json\/wp\/v2\/product"}],"about":[{"href":"https:\/\/evotek.md\/ro\/wp-json\/wp\/v2\/types\/product"}],"wp:featuredmedia":[{"embeddable":true,"href":"https:\/\/evotek.md\/ro\/wp-json\/wp\/v2\/media\/16199"}],"wp:attachment":[{"href":"https:\/\/evotek.md\/ro\/wp-json\/wp\/v2\/media?parent=16572"}],"curies":[{"name":"wp","href":"https:\/\/api.w.org\/{rel}","templated":true}]}}