{"id":16527,"date":"2020-10-13T07:01:44","date_gmt":"2020-10-13T07:01:44","guid":{"rendered":"https:\/\/evotek.md\/?post_type=product&#038;p=16527"},"modified":"2020-10-13T07:01:44","modified_gmt":"2020-10-13T07:01:44","slug":"raft-din-inox-cu-4-nivele-si-polite-plate-1600-mm-emp-d-3-61137-16-4","status":"publish","type":"product","link":"https:\/\/evotek.md\/ro\/produse\/rafturi-depozitare\/rafturi-plate\/raft-din-inox-cu-4-nivele-si-polite-plate-1600-mm-emp-d-3-61137-16-4\/","title":{"rendered":"RAFT DIN INOX CU 4 NIVELE \u0218I POLI\u021aE PLATE (1600 mm)- EMP.D.3.61137-16-4"},"content":{"rendered":"<p><strong>RAFT DIN INOX CU 4 <\/strong><strong>NIVELE \u0218I POLI\u021aE PLATE (1600 mm)- <em>EMP.D.3.61137-16-4- \u00a0<\/em><\/strong>Este destinat depozit\u0103rii ustensilelor de buc\u0103t\u0103rie \u0219i a produselor alimentare ambalate la \u00eentreprinderile de alimenta\u021bie public\u0103 \u0219i comer\u021b. Designul suportului include 4 rafturi.<\/p>\n<p>Caracteristici<\/p>\n<p>Dimensiuni mm: 610x1370x1600<\/p>\n","protected":false},"excerpt":{"rendered":"<p><em>Raft din inox cu 4 nivele \u0219i poli\u021be plate (1600 mm). <\/em>Dimensiuni mm: 610x1370x1600<\/p>\n","protected":false},"featured_media":16199,"template":"","meta":[],"_links":{"self":[{"href":"https:\/\/evotek.md\/ro\/wp-json\/wp\/v2\/product\/16527"}],"collection":[{"href":"https:\/\/evotek.md\/ro\/wp-json\/wp\/v2\/product"}],"about":[{"href":"https:\/\/evotek.md\/ro\/wp-json\/wp\/v2\/types\/product"}],"wp:featuredmedia":[{"embeddable":true,"href":"https:\/\/evotek.md\/ro\/wp-json\/wp\/v2\/media\/16199"}],"wp:attachment":[{"href":"https:\/\/evotek.md\/ro\/wp-json\/wp\/v2\/media?parent=16527"}],"curies":[{"name":"wp","href":"https:\/\/api.w.org\/{rel}","templated":true}]}}