{"id":16442,"date":"2020-10-12T12:31:53","date_gmt":"2020-10-12T12:33:53","guid":{"rendered":"https:\/\/evotek.md\/?post_type=product&#038;p=16442"},"modified":"2025-09-26T12:13:07","modified_gmt":"2025-09-26T12:13:07","slug":"emp-d-2-3691-16-4-d","status":"publish","type":"product","link":"https:\/\/evotek.md\/ro\/produse\/rafturi-depozitare\/rafturi-plate\/emp-d-2-3691-16-4-d\/","title":{"rendered":"RAFT DIN INOX, CU 4 POLITE PLATE 360x910x1600 mm -EMP.D.2.3691-16-4-D"},"content":{"rendered":"<p><strong>RAFT DIN INOX, CU 4 POLITE PLATE 360x910x1600 mm -EMP.D.2.3691-16-4-D- <\/strong>Este destinat depozit\u0103rii ustensilelor de buc\u0103t\u0103rie \u0219i a produselor alimentare ambalate la \u00eentreprinderile de alimenta\u021bie public\u0103 \u0219i comer\u021b. Designul suportului include 4 rafturi.<\/p>\n<p>Caracteristici<br \/>\nDimensiuni: 360x910x1600 mm<\/p>\n","protected":false},"excerpt":{"rendered":"<p>Raft cu 4 polite. Dimensiuni mm: 360x910x1600 mm<\/p>\n","protected":false},"featured_media":16199,"template":"","meta":[],"_links":{"self":[{"href":"https:\/\/evotek.md\/ro\/wp-json\/wp\/v2\/product\/16442"}],"collection":[{"href":"https:\/\/evotek.md\/ro\/wp-json\/wp\/v2\/product"}],"about":[{"href":"https:\/\/evotek.md\/ro\/wp-json\/wp\/v2\/types\/product"}],"wp:featuredmedia":[{"embeddable":true,"href":"https:\/\/evotek.md\/ro\/wp-json\/wp\/v2\/media\/16199"}],"wp:attachment":[{"href":"https:\/\/evotek.md\/ro\/wp-json\/wp\/v2\/media?parent=16442"}],"curies":[{"name":"wp","href":"https:\/\/api.w.org\/{rel}","templated":true}]}}