{"id":16364,"date":"2020-10-12T08:43:29","date_gmt":"2020-10-12T08:43:29","guid":{"rendered":"https:\/\/evotek.md\/?post_type=product&#038;p=16364"},"modified":"2020-10-12T09:51:12","modified_gmt":"2020-10-12T09:51:12","slug":"raft-neted-cu-4-nivele-1800-mm","status":"publish","type":"product","link":"https:\/\/evotek.md\/ro\/produse\/rafturi-depozitare\/rafturi-plate\/raft-neted-cu-4-nivele-1800-mm\/","title":{"rendered":"RAFT NETED CU 4 NIVELE (1800 mm)-EMP.D.2.61183-18-4"},"content":{"rendered":"<p><strong>RAFT NETED CU 4 NIVELE<\/strong> <strong>(1<\/strong><strong>8<\/strong><strong>00 mm)-EMP.D.2.61183-18-4- <\/strong>Este destinat depozit\u0103rii ustensilelor de buc\u0103t\u0103rie \u0219i a produselor alimentare ambalate la \u00eentreprinderile de alimenta\u021bie public\u0103 \u0219i comer\u021b. Designul suportului include 4 rafturi.<\/p>\n<p>Caracteristici<\/p>\n<p>Dimensiuni mm: 610x1830x1800<\/p>\n","protected":false},"excerpt":{"rendered":"<p>Raft neted cu 4 nivele. Dimensiuni mm: 610x1830x1800<\/p>\n","protected":false},"featured_media":13777,"template":"","meta":[],"_links":{"self":[{"href":"https:\/\/evotek.md\/ro\/wp-json\/wp\/v2\/product\/16364"}],"collection":[{"href":"https:\/\/evotek.md\/ro\/wp-json\/wp\/v2\/product"}],"about":[{"href":"https:\/\/evotek.md\/ro\/wp-json\/wp\/v2\/types\/product"}],"wp:featuredmedia":[{"embeddable":true,"href":"https:\/\/evotek.md\/ro\/wp-json\/wp\/v2\/media\/13777"}],"wp:attachment":[{"href":"https:\/\/evotek.md\/ro\/wp-json\/wp\/v2\/media?parent=16364"}],"curies":[{"name":"wp","href":"https:\/\/api.w.org\/{rel}","templated":true}]}}