{"id":16262,"date":"2020-10-01T12:42:54","date_gmt":"2020-10-01T12:42:54","guid":{"rendered":"https:\/\/evotek.md\/?post_type=product&#038;p=16262"},"modified":"2020-10-01T12:42:54","modified_gmt":"2020-10-01T12:42:54","slug":"raft-neted-cu-4-nivele-1600-mm-emp-d-2-61107-16-4","status":"publish","type":"product","link":"https:\/\/evotek.md\/ro\/produse\/rafturi-depozitare\/rafturi-plate\/raft-neted-cu-4-nivele-1600-mm-emp-d-2-61107-16-4\/","title":{"rendered":"RAFT NETED CU 4 NIVELE (1600 mm)- EMP.D.2.61107-16-4"},"content":{"rendered":"<p><strong>RAFT NETED CU 4 NIVELE<\/strong> <strong>(1600 mm)- <em>EMP.D.2.61107-16-4-<\/em>\u00a0<\/strong>Este destinat depozit\u0103rii ustensilelor de buc\u0103t\u0103rie \u0219i a produselor alimentare ambalate la \u00eentreprinderile de alimenta\u021bie public\u0103 \u0219i comer\u021b. Designul suportului include 4 rafturi.<\/p>\n<p>Caracteristici<\/p>\n<p>Dimensiuni mm: 610x1070x1600<\/p>\n","protected":false},"excerpt":{"rendered":"<p>Raft neted cu 4 nivele. Dimensiuni mm: 610x1070x1600<\/p>\n","protected":false},"featured_media":16199,"template":"","meta":[],"_links":{"self":[{"href":"https:\/\/evotek.md\/ro\/wp-json\/wp\/v2\/product\/16262"}],"collection":[{"href":"https:\/\/evotek.md\/ro\/wp-json\/wp\/v2\/product"}],"about":[{"href":"https:\/\/evotek.md\/ro\/wp-json\/wp\/v2\/types\/product"}],"wp:featuredmedia":[{"embeddable":true,"href":"https:\/\/evotek.md\/ro\/wp-json\/wp\/v2\/media\/16199"}],"wp:attachment":[{"href":"https:\/\/evotek.md\/ro\/wp-json\/wp\/v2\/media?parent=16262"}],"curies":[{"name":"wp","href":"https:\/\/api.w.org\/{rel}","templated":true}]}}