{"id":16156,"date":"2020-10-01T09:31:15","date_gmt":"2020-10-01T09:31:15","guid":{"rendered":"https:\/\/evotek.md\/?post_type=product&#038;p=16156"},"modified":"2020-10-01T09:31:16","modified_gmt":"2020-10-01T09:31:16","slug":"raft-din-inox-cu-4-nivele-si-polite-grilate-1800-mm-emp-t-2-5376-18-4","status":"publish","type":"product","link":"https:\/\/evotek.md\/ro\/produse\/rafturi-depozitare\/rafturi-de-sarma\/raft-din-inox-cu-4-nivele-si-polite-grilate-1800-mm-emp-t-2-5376-18-4\/","title":{"rendered":"RAFT DIN INOX CU 4 NIVELE \u0218I POLI\u021aE GRILATE (1800 mm)-EMP.T.2.5376-18-4"},"content":{"rendered":"<p><strong>RAFT DIN INOX CU 4 NIVELE \u0218I POLI\u021aE GRILATE (1800 mm)-<em>EMP.T.2.5376-18-4-<\/em> <\/strong>Rafturile grilate sunt ideale pentru camere frigorifice \u0219i congelatoare \u00een buc\u0103t\u0103riile profesionale.<\/p>\n<p>Caracteristici<\/p>\n<p>Dimensiuni mm: 530x760x1800<\/p>\n","protected":false},"excerpt":{"rendered":"<p>Raft din inox cu 4 nivele \u0219i poli\u021be grilate (1800 mm). Dimensiuni mm: 530x760x1800<\/p>\n","protected":false},"featured_media":15879,"template":"","meta":[],"_links":{"self":[{"href":"https:\/\/evotek.md\/ro\/wp-json\/wp\/v2\/product\/16156"}],"collection":[{"href":"https:\/\/evotek.md\/ro\/wp-json\/wp\/v2\/product"}],"about":[{"href":"https:\/\/evotek.md\/ro\/wp-json\/wp\/v2\/types\/product"}],"wp:featuredmedia":[{"embeddable":true,"href":"https:\/\/evotek.md\/ro\/wp-json\/wp\/v2\/media\/15879"}],"wp:attachment":[{"href":"https:\/\/evotek.md\/ro\/wp-json\/wp\/v2\/media?parent=16156"}],"curies":[{"name":"wp","href":"https:\/\/api.w.org\/{rel}","templated":true}]}}