{"id":15927,"date":"2020-09-30T08:43:00","date_gmt":"2020-09-30T08:43:00","guid":{"rendered":"https:\/\/evotek.md\/?post_type=product&#038;p=15927"},"modified":"2020-09-30T08:43:01","modified_gmt":"2020-09-30T08:43:01","slug":"raft-din-inox-cu-4-nivele-si-polite-grilate-1600-mm-emp-t-2-3676-16-4","status":"publish","type":"product","link":"https:\/\/evotek.md\/ro\/produse\/rafturi-depozitare\/rafturi-de-sarma\/raft-din-inox-cu-4-nivele-si-polite-grilate-1600-mm-emp-t-2-3676-16-4\/","title":{"rendered":"RAFT DIN INOX CU 4 NIVELE \u0218I POLI\u021aE GRILATE (1600 mm)-\u00a0 EMP.T.2.3676-16-4"},"content":{"rendered":"<p><strong>RAFT DIN INOX CU 4 NIVELE \u0218I POLI\u021aE GRILATE (1600 mm)-\u00a0 <em>EMP.T.2.3676-16-4- <\/em><\/strong>Rafturile grilate sunt ideale pentru camere frigorifice \u0219i congelatoare \u00een buc\u0103t\u0103riile profesionale.<\/p>\n<p>Caracteristici<\/p>\n<p>Dimensiuni mm: 360x760x1600<\/p>\n","protected":false},"excerpt":{"rendered":"<p>Raft din inox cu 4 nivele \u0219i poli\u021be grilate (1600 mm). Dimensiuni mm: 360x760x1600<\/p>\n","protected":false},"featured_media":15879,"template":"","meta":[],"_links":{"self":[{"href":"https:\/\/evotek.md\/ro\/wp-json\/wp\/v2\/product\/15927"}],"collection":[{"href":"https:\/\/evotek.md\/ro\/wp-json\/wp\/v2\/product"}],"about":[{"href":"https:\/\/evotek.md\/ro\/wp-json\/wp\/v2\/types\/product"}],"wp:featuredmedia":[{"embeddable":true,"href":"https:\/\/evotek.md\/ro\/wp-json\/wp\/v2\/media\/15879"}],"wp:attachment":[{"href":"https:\/\/evotek.md\/ro\/wp-json\/wp\/v2\/media?parent=15927"}],"curies":[{"name":"wp","href":"https:\/\/api.w.org\/{rel}","templated":true}]}}