{"id":15923,"date":"2020-09-30T08:25:54","date_gmt":"2020-09-30T08:25:54","guid":{"rendered":"https:\/\/evotek.md\/?post_type=product&#038;p=15923"},"modified":"2020-09-30T08:25:54","modified_gmt":"2020-09-30T08:25:54","slug":"raft-din-inox-cu-4-nivele-si-polite-grilate-1600-mm-emp-t-3-46152-16-4","status":"publish","type":"product","link":"https:\/\/evotek.md\/ro\/produse\/rafturi-depozitare\/rafturi-de-sarma\/raft-din-inox-cu-4-nivele-si-polite-grilate-1600-mm-emp-t-3-46152-16-4\/","title":{"rendered":"RAFT DIN INOX CU 4 NIVELE \u0218I POLI\u021aE GRILATE (1600 mm)- EMP.T.3.46152-16-4"},"content":{"rendered":"<p><strong>RAFT DIN INOX CU 4 NIVELE \u0218I POLI\u021aE GRILATE (1600 mm)- <em>EMP.T.3.46152-16-4-<\/em> \u00a0<\/strong>Rafturile grilate sunt ideale pentru camere frigorifice \u0219i congelatoare \u00een buc\u0103t\u0103riile profesionale.<\/p>\n<p>Caracteristici<\/p>\n<p>Dimensiuni mm: 460x1520x1600<\/p>\n","protected":false},"excerpt":{"rendered":"<p>Raft din inox cu 4 nivele \u0219i poli\u021be grilate (1600 mm). Dimensiuni mm: 460x1520x1600<\/p>\n","protected":false},"featured_media":15879,"template":"","meta":[],"_links":{"self":[{"href":"https:\/\/evotek.md\/ro\/wp-json\/wp\/v2\/product\/15923"}],"collection":[{"href":"https:\/\/evotek.md\/ro\/wp-json\/wp\/v2\/product"}],"about":[{"href":"https:\/\/evotek.md\/ro\/wp-json\/wp\/v2\/types\/product"}],"wp:featuredmedia":[{"embeddable":true,"href":"https:\/\/evotek.md\/ro\/wp-json\/wp\/v2\/media\/15879"}],"wp:attachment":[{"href":"https:\/\/evotek.md\/ro\/wp-json\/wp\/v2\/media?parent=15923"}],"curies":[{"name":"wp","href":"https:\/\/api.w.org\/{rel}","templated":true}]}}