{"id":1567,"date":"2020-02-10T08:36:21","date_gmt":"2020-02-10T08:36:21","guid":{"rendered":"https:\/\/evotek.md\/?post_type=product&#038;p=1567"},"modified":"2021-02-02T14:06:15","modified_gmt":"2021-02-02T14:06:15","slug":"crepier-pentru-clatite-emp-kr-010","status":"publish","type":"product","link":"https:\/\/evotek.md\/ro\/produse\/echipamente-pentru-fast-food\/crepiere\/crepier-pentru-clatite-emp-kr-010\/","title":{"rendered":"CREPIER PENTRU CL\u0102TITE EMP.KR.010"},"content":{"rendered":"<p><strong>CREPIER PENTRU CL\u0102TITE<\/strong><strong> EMP.KR.010 <\/strong>Este folosit pentru pr\u0103jirea cl\u0103titelor rotunde. Acest model este echipat cu o singur\u0103 suprafa\u021b\u0103 de lucru. Carcasa modelului creat\u0103 din o\u021bel inoxidabil. Design estetic \u0219i func\u021bional. Echipamente excelente pentru utilizare \u00een buc\u0103t\u0103riile profesionale.<\/p>\n<p>Caracteristici<\/p>\n<p>Diametru: 400 mm<\/p>\n<p>Dimensiuni: 450x520x240 mm<\/p>\n<p>Putere: 2,2 kW<\/p>\n<p>Greutate net\u0103: 19 kg<\/p>\n<p>Tensiune: 220 V<\/p>\n","protected":false},"excerpt":{"rendered":"<p>Crepier pentru cl\u0103tite cu form\u0103 rotund\u0103. Diametru: 400 mm; Dimensiuni: 450x520x240 mm; Putere: 2,2 kW; Greutate net\u0103: 19 kg; Tensiune: 220 V.<\/p>\n","protected":false},"featured_media":1566,"template":"","meta":[],"_links":{"self":[{"href":"https:\/\/evotek.md\/ro\/wp-json\/wp\/v2\/product\/1567"}],"collection":[{"href":"https:\/\/evotek.md\/ro\/wp-json\/wp\/v2\/product"}],"about":[{"href":"https:\/\/evotek.md\/ro\/wp-json\/wp\/v2\/types\/product"}],"wp:featuredmedia":[{"embeddable":true,"href":"https:\/\/evotek.md\/ro\/wp-json\/wp\/v2\/media\/1566"}],"wp:attachment":[{"href":"https:\/\/evotek.md\/ro\/wp-json\/wp\/v2\/media?parent=1567"}],"curies":[{"name":"wp","href":"https:\/\/api.w.org\/{rel}","templated":true}]}}