{"id":15604,"date":"2020-09-25T07:38:51","date_gmt":"2020-09-25T07:43:36","guid":{"rendered":"https:\/\/evotek.md\/?post_type=product&#038;p=15604"},"modified":"2023-01-17T14:43:37","modified_gmt":"2023-01-17T14:43:37","slug":"plita-cu-inductie-hkn-icf35m","status":"publish","type":"product","link":"https:\/\/evotek.md\/ro\/produse\/echipamente-termice\/plite-cu-inductie\/plita-cu-inductie-hkn-icf35m\/","title":{"rendered":"PLITA CU INDUCTIE 1 ARZATOR -HKN-ICF35M"},"content":{"rendered":"<p><strong>PLITA CU INDUCTIE 1 ARZATOR <\/strong><strong>-HKN-ICF35M- <\/strong>Plita cu induc\u021bie este conceput\u0103 pentru a prepara bucate \u00een unit\u0103\u021bile de alimenta\u021bie public\u0103 \u0219i comer\u021b. Plita cu induc\u021bie se aprinde imediat dup\u0103 ce a\u021bi pus ustensile de g\u0103tit pe ea \u0219i se opre\u0219te c\u00e2nd este \u00eendep\u0103rtat\u0103, reduc\u00e2nd astfel consumul de energie \u0219i \u00eembun\u0103t\u0103\u021bind microclimatul din buc\u0103t\u0103rie. Modelul este echipat cu un panou de control cu \u200b\u200bbuton. Corpul este fabricat din inox. Se recomand\u0103 utilizarea unor vase speciale din materiale cu caracteristici adecvate, care ar absorbi \u00een mod eficient energia c\u00e2mpului magnetic.<\/p>\n<p>Caracteristici<\/p>\n<p>Num\u0103rul de arz\u0103toare: 1<\/p>\n<p>Tensiune: 220V<\/p>\n<p>Putere: 3,5 kW<\/p>\n<p>Parametri: 400x400x85 mm<\/p>\n<p>Greutate: 4,7 kg<\/p>\n<p>&nbsp;<\/p>\n<p>&nbsp;<\/p>\n","protected":false},"excerpt":{"rendered":"<p>Plit\u0103 cu induc\u021bie de mas\u0103. Num\u0103rul de arz\u0103toare: 1; Tensiune: 220V; Putere: 3,5 kW; Parametri: 400x400x85 mm; Greutate: 4,7 kg.<\/p>\n","protected":false},"featured_media":32142,"template":"","meta":[],"_links":{"self":[{"href":"https:\/\/evotek.md\/ro\/wp-json\/wp\/v2\/product\/15604"}],"collection":[{"href":"https:\/\/evotek.md\/ro\/wp-json\/wp\/v2\/product"}],"about":[{"href":"https:\/\/evotek.md\/ro\/wp-json\/wp\/v2\/types\/product"}],"wp:featuredmedia":[{"embeddable":true,"href":"https:\/\/evotek.md\/ro\/wp-json\/wp\/v2\/media\/32142"}],"wp:attachment":[{"href":"https:\/\/evotek.md\/ro\/wp-json\/wp\/v2\/media?parent=15604"}],"curies":[{"name":"wp","href":"https:\/\/api.w.org\/{rel}","templated":true}]}}