{"id":15442,"date":"2020-09-24T09:12:48","date_gmt":"2020-09-24T09:12:48","guid":{"rendered":"https:\/\/evotek.md\/?post_type=product&#038;p=15442"},"modified":"2020-11-24T12:58:16","modified_gmt":"2020-11-24T12:58:16","slug":"hota-de-perete-cu-2-filtre-emp-ddvld-15114-2","status":"publish","type":"product","link":"https:\/\/evotek.md\/ro\/produse\/mobila-din-inox\/hote-din-inox\/de-perete\/hota-de-perete-cu-2-filtre-emp-ddvld-15114-2\/","title":{"rendered":"HOT\u0102 DE PERETE, DIN INOX 1500x1100x400mm -EMP.DDVLD.15114"},"content":{"rendered":"<p><strong>HOT\u0102 DE PERETE, DIN INOX 1500x1100x400mm &#8211;<em>EMP.DDVLD.15114-<\/em> <\/strong>purific\u0103 \u00een mod eficient aerul, saturat de aromele de pr\u0103jit, a garniturii de usturoi \u0219i copturilor. Aceasta este capabil\u0103 s\u0103 \u00eendep\u0103rteze rapid mirosul din interior, \u00eempiedic\u00e2nd r\u0103sp\u00e2ndirea acestuia.<\/p>\n<p>Caracteristici<\/p>\n<p>Parametri mm: 1500x1100x400<\/p>\n<p>Filtre: 2 Filtru<\/p>\n","protected":false},"excerpt":{"rendered":"<p>Hot\u0103 cu filtre de tip central. Parametri mm: 1500x1100x400; Filtre: 2 Filtru<\/p>\n","protected":false},"featured_media":15364,"template":"","meta":[],"_links":{"self":[{"href":"https:\/\/evotek.md\/ro\/wp-json\/wp\/v2\/product\/15442"}],"collection":[{"href":"https:\/\/evotek.md\/ro\/wp-json\/wp\/v2\/product"}],"about":[{"href":"https:\/\/evotek.md\/ro\/wp-json\/wp\/v2\/types\/product"}],"wp:featuredmedia":[{"embeddable":true,"href":"https:\/\/evotek.md\/ro\/wp-json\/wp\/v2\/media\/15364"}],"wp:attachment":[{"href":"https:\/\/evotek.md\/ro\/wp-json\/wp\/v2\/media?parent=15442"}],"curies":[{"name":"wp","href":"https:\/\/api.w.org\/{rel}","templated":true}]}}