{"id":1542,"date":"2020-02-07T14:58:45","date_gmt":"2020-02-07T15:06:38","guid":{"rendered":"https:\/\/evotek.md\/?post_type=product&#038;p=1542"},"modified":"2023-03-02T10:04:36","modified_gmt":"2023-03-02T10:04:36","slug":"contact-grill-emp-102","status":"publish","type":"product","link":"https:\/\/evotek.md\/ro\/produse\/echipamente-termice\/grill-contact-panini-sandwich-2\/contact-grill-emp-102\/","title":{"rendered":"GRILL CONTACT ELECTRIC, RIFLAT -REMP.102"},"content":{"rendered":"<p><strong>GRILL CONTACT ELECTRIC, RIFLAT -REMP.102-<\/strong> echipament necesar pentru utilizarea \u00een buc\u0103t\u0103riile profesionale. Modelul garanteaz\u0103 pr\u0103jirea uniform\u0103 a produsului \u0219i v\u0103 permite, de asemenea, men\u021binerea calit\u0103\u021bii \u0219i gustului s\u0103u, deoarece suprafa\u021ba de lucru a grill-ului pr\u0103je\u0219re produsul din dou\u0103 p\u0103r\u021bi.<\/p>\n<p>Fabricat din inox. Suprafe\u021bele de lucru superioare \u0219i inferioare sunt riflate. Acest model are o singur\u0103 suprafa\u021b\u0103 de lucru.<\/p>\n<p>Caracteristici<\/p>\n<p>Brand Empero<\/p>\n<p>Dimensiuni: 540x300x210 mm<\/p>\n<p>Putere: 1,95 W<\/p>\n<p>Greutate net\u0103: 33 kg<\/p>\n<p>Tensiune: 220 V<\/p>\n","protected":false},"excerpt":{"rendered":"<p>Contact grill profesional. Suprafe\u021be de lucru: 1; Dimensiuni: 540x300x210 mm; Putere: 1,95 W; Greutate net\u0103: 33 kg; Tensiune: 220 V.<\/p>\n","protected":false},"featured_media":1541,"template":"","meta":[],"_links":{"self":[{"href":"https:\/\/evotek.md\/ro\/wp-json\/wp\/v2\/product\/1542"}],"collection":[{"href":"https:\/\/evotek.md\/ro\/wp-json\/wp\/v2\/product"}],"about":[{"href":"https:\/\/evotek.md\/ro\/wp-json\/wp\/v2\/types\/product"}],"wp:featuredmedia":[{"embeddable":true,"href":"https:\/\/evotek.md\/ro\/wp-json\/wp\/v2\/media\/1541"}],"wp:attachment":[{"href":"https:\/\/evotek.md\/ro\/wp-json\/wp\/v2\/media?parent=1542"}],"curies":[{"name":"wp","href":"https:\/\/api.w.org\/{rel}","templated":true}]}}